{"id":271,"date":"2019-05-23T11:14:51","date_gmt":"2019-05-23T09:14:51","guid":{"rendered":"https:\/\/www.hotelreservation.de\/?page_id=271"},"modified":"2024-02-22T14:46:29","modified_gmt":"2024-02-22T13:46:29","slug":"karriere","status":"publish","type":"page","link":"https:\/\/www.hotelreservation.de\/de\/unternehmen\/karriere\/","title":{"rendered":"Ihre Karriere bei TEST"},"content":{"rendered":"<h2>TEST Hotelreservation &amp; Events<\/h2>\n<p>Wertsch\u00e4tzung, Vertrauen, Fairness und Verl\u00e4sslichkeit sind die Basis der Zusammenarbeit mit unseren Gesch\u00e4ftspartnern, unseren Kunden und selbstverst\u00e4ndlich auch mit unserem Team.<br \/>\n<a href=\"https:\/\/www.hotelreservation.de\/de\/unternehmen\/unsere-philosophie\/\">Unsere Philosophie<\/a> ist gepr\u00e4gt von dem Gedanken, dass wir durch den respektvollen Umgang miteinander sowie durch eine kontinuierliche Zusammenarbeit unsere Ziele erreichen.<br \/>\nDie Erfahrung best\u00e4tigt es: TEST lebt seit nunmehr 30 Jahren ein partnerschaftliches und langfristiges Verh\u00e4ltnis mit Gesch\u00e4ftspartnern, Kunden und <a href=\"https:\/\/www.hotelreservation.de\/de\/unternehmen\/unser-team\/\">Team<\/a> und ist ein im Markt etabliertes Unternehmen.<\/p>\n<p>Bei TEST erhalten Sie kreativen Freiraum und das Vertrauen, Entscheidungen selbst zu treffen. Tragen Sie mit Leidenschaft zum Unternehmenserfolg bei! Das schwei\u00dft zusammen und bildet die Konstante die es braucht, um langfristige Gesch\u00e4ftsbeziehungen aufzubauen.<\/p>\n<p>Wir freuen uns auf Sie, werden Sie ein Teil des TEST Teams!<\/p>\n","protected":false},"excerpt":{"rendered":"<p>TEST Hotelreservation &amp; Events Wertsch\u00e4tzung, Vertrauen, Fairness und Verl\u00e4sslichkeit sind die Basis der Zusammenarbeit mit unseren Gesch\u00e4ftspartnern, unseren Kunden und selbstverst\u00e4ndlich auch mit unserem Team. Unsere Philosophie ist gepr\u00e4gt von &hellip; <a href=\"https:\/\/www.hotelreservation.de\/de\/unternehmen\/karriere\/\" class=\"more-link\">weiterlesen<span class=\"screen-reader-text\"> &#8222;Ihre Karriere bei TEST&#8220;<\/span><\/a><\/p>\n","protected":false},"author":1,"featured_media":18699,"parent":160,"menu_order":0,"comment_status":"closed","ping_status":"closed","template":"page-content-3.php","meta":{"_acf_changed":false,"footnotes":""},"class_list":["post-271","page","type-page","status-publish","has-post-thumbnail","hentry"],"acf":[],"yoast_head":"<!-- This site is optimized with the Yoast SEO plugin v27.5 - https:\/\/yoast.com\/product\/yoast-seo-wordpress\/ -->\n<title>Ihre Karriere bei TEST: Stellenausschreibungen finden Sie hier.<\/title>\n<meta name=\"description\" content=\"Ihre Karriere bei TEST Berlin \u2713 Werfen Sie einen Blick auf unsere Stellenausschreibungen \u2713 Wir freuen uns auf Ihre Bewerbung \u2713\" \/>\n<meta name=\"robots\" content=\"index, follow, max-snippet:-1, max-image-preview:large, max-video-preview:-1\" \/>\n<link rel=\"canonical\" href=\"https:\/\/www.hotelreservation.de\/de\/unternehmen\/karriere\/\" \/>\n<meta property=\"og:locale\" content=\"de_DE\" \/>\n<meta property=\"og:type\" content=\"article\" \/>\n<meta property=\"og:title\" content=\"Ihre Karriere bei TEST: Stellenausschreibungen finden Sie hier.\" \/>\n<meta property=\"og:description\" content=\"Ihre Karriere bei TEST Berlin \u2713 Werfen Sie einen Blick auf unsere Stellenausschreibungen \u2713 Wir freuen uns auf Ihre Bewerbung \u2713\" \/>\n<meta property=\"og:url\" content=\"https:\/\/www.hotelreservation.de\/de\/unternehmen\/karriere\/\" \/>\n<meta property=\"og:site_name\" content=\"hotelreservation.de\" \/>\n<meta property=\"article:modified_time\" content=\"2024-02-22T13:46:29+00:00\" \/>\n<meta property=\"og:image\" content=\"https:\/\/www.hotelreservation.de\/wp-content\/uploads\/2019\/11\/unternehmen_karriere.jpg\" \/>\n\t<meta property=\"og:image:width\" content=\"615\" \/>\n\t<meta property=\"og:image:height\" content=\"410\" \/>\n\t<meta property=\"og:image:type\" content=\"image\/jpeg\" \/>\n<meta name=\"twitter:card\" content=\"summary_large_image\" \/>\n<meta name=\"twitter:label1\" content=\"Gesch\u00e4tzte Lesezeit\" \/>\n\t<meta name=\"twitter:data1\" content=\"1\u00a0Minute\" \/>\n<script type=\"application\/ld+json\" class=\"yoast-schema-graph\">{\"@context\":\"https:\\\/\\\/schema.org\",\"@graph\":[{\"@type\":\"WebPage\",\"@id\":\"https:\\\/\\\/www.hotelreservation.de\\\/de\\\/unternehmen\\\/karriere\\\/\",\"url\":\"https:\\\/\\\/www.hotelreservation.de\\\/de\\\/unternehmen\\\/karriere\\\/\",\"name\":\"Ihre Karriere bei TEST: Stellenausschreibungen finden Sie hier.\",\"isPartOf\":{\"@id\":\"https:\\\/\\\/www.hotelreservation.de\\\/de\\\/#website\"},\"primaryImageOfPage\":{\"@id\":\"https:\\\/\\\/www.hotelreservation.de\\\/de\\\/unternehmen\\\/karriere\\\/#primaryimage\"},\"image\":{\"@id\":\"https:\\\/\\\/www.hotelreservation.de\\\/de\\\/unternehmen\\\/karriere\\\/#primaryimage\"},\"thumbnailUrl\":\"https:\\\/\\\/www.hotelreservation.de\\\/wp-content\\\/uploads\\\/2019\\\/11\\\/unternehmen_karriere.jpg\",\"datePublished\":\"2019-05-23T09:14:51+00:00\",\"dateModified\":\"2024-02-22T13:46:29+00:00\",\"description\":\"Ihre Karriere bei TEST Berlin \u2713 Werfen Sie einen Blick auf unsere Stellenausschreibungen \u2713 Wir freuen uns auf Ihre Bewerbung \u2713\",\"breadcrumb\":{\"@id\":\"https:\\\/\\\/www.hotelreservation.de\\\/de\\\/unternehmen\\\/karriere\\\/#breadcrumb\"},\"inLanguage\":\"de\",\"potentialAction\":[{\"@type\":\"ReadAction\",\"target\":[\"https:\\\/\\\/www.hotelreservation.de\\\/de\\\/unternehmen\\\/karriere\\\/\"]}]},{\"@type\":\"ImageObject\",\"inLanguage\":\"de\",\"@id\":\"https:\\\/\\\/www.hotelreservation.de\\\/de\\\/unternehmen\\\/karriere\\\/#primaryimage\",\"url\":\"https:\\\/\\\/www.hotelreservation.de\\\/wp-content\\\/uploads\\\/2019\\\/11\\\/unternehmen_karriere.jpg\",\"contentUrl\":\"https:\\\/\\\/www.hotelreservation.de\\\/wp-content\\\/uploads\\\/2019\\\/11\\\/unternehmen_karriere.jpg\",\"width\":615,\"height\":410,\"caption\":\"Karriereaufstieg bei TEST\"},{\"@type\":\"BreadcrumbList\",\"@id\":\"https:\\\/\\\/www.hotelreservation.de\\\/de\\\/unternehmen\\\/karriere\\\/#breadcrumb\",\"itemListElement\":[{\"@type\":\"ListItem\",\"position\":1,\"name\":\"Startseite\",\"item\":\"https:\\\/\\\/www.hotelreservation.de\\\/de\\\/\"},{\"@type\":\"ListItem\",\"position\":2,\"name\":\"Unternehmen\",\"item\":\"https:\\\/\\\/www.hotelreservation.de\\\/de\\\/unternehmen\\\/\"},{\"@type\":\"ListItem\",\"position\":3,\"name\":\"Ihre Karriere bei TEST\"}]},{\"@type\":\"WebSite\",\"@id\":\"https:\\\/\\\/www.hotelreservation.de\\\/de\\\/#website\",\"url\":\"https:\\\/\\\/www.hotelreservation.de\\\/de\\\/\",\"name\":\"hotelreservation.de\",\"description\":\"\",\"publisher\":{\"@id\":\"https:\\\/\\\/www.hotelreservation.de\\\/de\\\/#organization\"},\"potentialAction\":[{\"@type\":\"SearchAction\",\"target\":{\"@type\":\"EntryPoint\",\"urlTemplate\":\"https:\\\/\\\/www.hotelreservation.de\\\/de\\\/?s={search_term_string}\"},\"query-input\":{\"@type\":\"PropertyValueSpecification\",\"valueRequired\":true,\"valueName\":\"search_term_string\"}}],\"inLanguage\":\"de\"},{\"@type\":\"Organization\",\"@id\":\"https:\\\/\\\/www.hotelreservation.de\\\/de\\\/#organization\",\"name\":\"TEST GmbH & Co. KG\",\"url\":\"https:\\\/\\\/www.hotelreservation.de\\\/de\\\/\",\"logo\":{\"@type\":\"ImageObject\",\"inLanguage\":\"de\",\"@id\":\"https:\\\/\\\/www.hotelreservation.de\\\/de\\\/#\\\/schema\\\/logo\\\/image\\\/\",\"url\":\"https:\\\/\\\/www.hotelreservation.de\\\/wp-content\\\/uploads\\\/2019\\\/11\\\/TEST_gr\u00fcn.png\",\"contentUrl\":\"https:\\\/\\\/www.hotelreservation.de\\\/wp-content\\\/uploads\\\/2019\\\/11\\\/TEST_gr\u00fcn.png\",\"width\":1000,\"height\":770,\"caption\":\"TEST GmbH & Co. KG\"},\"image\":{\"@id\":\"https:\\\/\\\/www.hotelreservation.de\\\/de\\\/#\\\/schema\\\/logo\\\/image\\\/\"}}]}<\/script>\n<!-- \/ Yoast SEO plugin. -->","yoast_head_json":{"title":"Ihre Karriere bei TEST: Stellenausschreibungen finden Sie hier.","description":"Ihre Karriere bei TEST Berlin \u2713 Werfen Sie einen Blick auf unsere Stellenausschreibungen \u2713 Wir freuen uns auf Ihre Bewerbung \u2713","robots":{"index":"index","follow":"follow","max-snippet":"max-snippet:-1","max-image-preview":"max-image-preview:large","max-video-preview":"max-video-preview:-1"},"canonical":"https:\/\/www.hotelreservation.de\/de\/unternehmen\/karriere\/","og_locale":"de_DE","og_type":"article","og_title":"Ihre Karriere bei TEST: Stellenausschreibungen finden Sie hier.","og_description":"Ihre Karriere bei TEST Berlin \u2713 Werfen Sie einen Blick auf unsere Stellenausschreibungen \u2713 Wir freuen uns auf Ihre Bewerbung \u2713","og_url":"https:\/\/www.hotelreservation.de\/de\/unternehmen\/karriere\/","og_site_name":"hotelreservation.de","article_modified_time":"2024-02-22T13:46:29+00:00","og_image":[{"width":615,"height":410,"url":"https:\/\/www.hotelreservation.de\/wp-content\/uploads\/2019\/11\/unternehmen_karriere.jpg","type":"image\/jpeg"}],"twitter_card":"summary_large_image","twitter_misc":{"Gesch\u00e4tzte Lesezeit":"1\u00a0Minute"},"schema":{"@context":"https:\/\/schema.org","@graph":[{"@type":"WebPage","@id":"https:\/\/www.hotelreservation.de\/de\/unternehmen\/karriere\/","url":"https:\/\/www.hotelreservation.de\/de\/unternehmen\/karriere\/","name":"Ihre Karriere bei TEST: Stellenausschreibungen finden Sie hier.","isPartOf":{"@id":"https:\/\/www.hotelreservation.de\/de\/#website"},"primaryImageOfPage":{"@id":"https:\/\/www.hotelreservation.de\/de\/unternehmen\/karriere\/#primaryimage"},"image":{"@id":"https:\/\/www.hotelreservation.de\/de\/unternehmen\/karriere\/#primaryimage"},"thumbnailUrl":"https:\/\/www.hotelreservation.de\/wp-content\/uploads\/2019\/11\/unternehmen_karriere.jpg","datePublished":"2019-05-23T09:14:51+00:00","dateModified":"2024-02-22T13:46:29+00:00","description":"Ihre Karriere bei TEST Berlin \u2713 Werfen Sie einen Blick auf unsere Stellenausschreibungen \u2713 Wir freuen uns auf Ihre Bewerbung \u2713","breadcrumb":{"@id":"https:\/\/www.hotelreservation.de\/de\/unternehmen\/karriere\/#breadcrumb"},"inLanguage":"de","potentialAction":[{"@type":"ReadAction","target":["https:\/\/www.hotelreservation.de\/de\/unternehmen\/karriere\/"]}]},{"@type":"ImageObject","inLanguage":"de","@id":"https:\/\/www.hotelreservation.de\/de\/unternehmen\/karriere\/#primaryimage","url":"https:\/\/www.hotelreservation.de\/wp-content\/uploads\/2019\/11\/unternehmen_karriere.jpg","contentUrl":"https:\/\/www.hotelreservation.de\/wp-content\/uploads\/2019\/11\/unternehmen_karriere.jpg","width":615,"height":410,"caption":"Karriereaufstieg bei TEST"},{"@type":"BreadcrumbList","@id":"https:\/\/www.hotelreservation.de\/de\/unternehmen\/karriere\/#breadcrumb","itemListElement":[{"@type":"ListItem","position":1,"name":"Startseite","item":"https:\/\/www.hotelreservation.de\/de\/"},{"@type":"ListItem","position":2,"name":"Unternehmen","item":"https:\/\/www.hotelreservation.de\/de\/unternehmen\/"},{"@type":"ListItem","position":3,"name":"Ihre Karriere bei TEST"}]},{"@type":"WebSite","@id":"https:\/\/www.hotelreservation.de\/de\/#website","url":"https:\/\/www.hotelreservation.de\/de\/","name":"hotelreservation.de","description":"","publisher":{"@id":"https:\/\/www.hotelreservation.de\/de\/#organization"},"potentialAction":[{"@type":"SearchAction","target":{"@type":"EntryPoint","urlTemplate":"https:\/\/www.hotelreservation.de\/de\/?s={search_term_string}"},"query-input":{"@type":"PropertyValueSpecification","valueRequired":true,"valueName":"search_term_string"}}],"inLanguage":"de"},{"@type":"Organization","@id":"https:\/\/www.hotelreservation.de\/de\/#organization","name":"TEST GmbH & Co. KG","url":"https:\/\/www.hotelreservation.de\/de\/","logo":{"@type":"ImageObject","inLanguage":"de","@id":"https:\/\/www.hotelreservation.de\/de\/#\/schema\/logo\/image\/","url":"https:\/\/www.hotelreservation.de\/wp-content\/uploads\/2019\/11\/TEST_gr\u00fcn.png","contentUrl":"https:\/\/www.hotelreservation.de\/wp-content\/uploads\/2019\/11\/TEST_gr\u00fcn.png","width":1000,"height":770,"caption":"TEST GmbH & Co. KG"},"image":{"@id":"https:\/\/www.hotelreservation.de\/de\/#\/schema\/logo\/image\/"}}]}},"_links":{"self":[{"href":"https:\/\/www.hotelreservation.de\/de\/wp-json\/wp\/v2\/pages\/271","targetHints":{"allow":["GET"]}}],"collection":[{"href":"https:\/\/www.hotelreservation.de\/de\/wp-json\/wp\/v2\/pages"}],"about":[{"href":"https:\/\/www.hotelreservation.de\/de\/wp-json\/wp\/v2\/types\/page"}],"author":[{"embeddable":true,"href":"https:\/\/www.hotelreservation.de\/de\/wp-json\/wp\/v2\/users\/1"}],"replies":[{"embeddable":true,"href":"https:\/\/www.hotelreservation.de\/de\/wp-json\/wp\/v2\/comments?post=271"}],"version-history":[{"count":0,"href":"https:\/\/www.hotelreservation.de\/de\/wp-json\/wp\/v2\/pages\/271\/revisions"}],"up":[{"embeddable":true,"href":"https:\/\/www.hotelreservation.de\/de\/wp-json\/wp\/v2\/pages\/160"}],"wp:featuredmedia":[{"embeddable":true,"href":"https:\/\/www.hotelreservation.de\/de\/wp-json\/wp\/v2\/media\/18699"}],"wp:attachment":[{"href":"https:\/\/www.hotelreservation.de\/de\/wp-json\/wp\/v2\/media?parent=271"}],"curies":[{"name":"wp","href":"https:\/\/api.w.org\/{rel}","templated":true}]}}