{"id":256,"date":"2019-05-23T11:09:52","date_gmt":"2019-05-23T09:09:52","guid":{"rendered":"https:\/\/www.hotelreservation.de\/?page_id=256"},"modified":"2020-02-19T11:49:22","modified_gmt":"2020-02-19T10:49:22","slug":"firmenjubilaeen","status":"publish","type":"page","link":"https:\/\/www.hotelreservation.de\/de\/veranstaltungen\/firmenveranstaltungen\/firmenjubilaeen\/","title":{"rendered":"Firmenjubil\u00e4um"},"content":{"rendered":"<p>Herzlichen Gl\u00fcckwunsch, das muss gefeiert werden! <br \/> Verleihen Sie Ihrem langj\u00e4hrigen Erfolg Ausdruck \u2013 wir planen Ihre Jubil\u00e4umsfeier. Unser Service-Team widmet sich mit Fingerspitzengef\u00fchl und Sorgfalt der Organisation der Feierlichkeiten Ihres Unternehmens.<\/p>\n","protected":false},"excerpt":{"rendered":"<p>Herzlichen Gl\u00fcckwunsch, das muss gefeiert werden! Verleihen Sie Ihrem langj\u00e4hrigen Erfolg Ausdruck \u2013 wir planen Ihre Jubil\u00e4umsfeier. Unser Service-Team widmet sich mit Fingerspitzengef\u00fchl und Sorgfalt der Organisation der Feierlichkeiten Ihres &hellip; <a href=\"https:\/\/www.hotelreservation.de\/de\/veranstaltungen\/firmenveranstaltungen\/firmenjubilaeen\/\" class=\"more-link\">weiterlesen<span class=\"screen-reader-text\"> &#8222;Firmenjubil\u00e4um&#8220;<\/span><\/a><\/p>\n","protected":false},"author":1,"featured_media":1598,"parent":248,"menu_order":0,"comment_status":"closed","ping_status":"closed","template":"page-content-2.php","meta":{"_acf_changed":false,"footnotes":""},"class_list":["post-256","page","type-page","status-publish","has-post-thumbnail","hentry"],"acf":[],"yoast_head":"<!-- This site is optimized with the Yoast SEO plugin v27.5 - https:\/\/yoast.com\/product\/yoast-seo-wordpress\/ -->\n<title>Unvergessliche Jubil\u00e4ums-Events \u2013 vom Profi organisiert.<\/title>\n<meta name=\"description\" content=\"Ein Firmenjubil\u00e4um muss gefeiert werden. TEST organisiert hochwertige Jubil\u00e4ums-Events f\u00fcr Ihr Unternehmen.\" \/>\n<meta name=\"robots\" content=\"index, follow, max-snippet:-1, max-image-preview:large, max-video-preview:-1\" \/>\n<link rel=\"canonical\" href=\"https:\/\/www.hotelreservation.de\/de\/veranstaltungen\/firmenveranstaltungen\/firmenjubilaeen\/\" \/>\n<meta property=\"og:locale\" content=\"de_DE\" \/>\n<meta property=\"og:type\" content=\"article\" \/>\n<meta property=\"og:title\" content=\"Unvergessliche Jubil\u00e4ums-Events \u2013 vom Profi organisiert.\" \/>\n<meta property=\"og:description\" content=\"Ein Firmenjubil\u00e4um muss gefeiert werden. TEST organisiert hochwertige Jubil\u00e4ums-Events f\u00fcr Ihr Unternehmen.\" \/>\n<meta property=\"og:url\" content=\"https:\/\/www.hotelreservation.de\/de\/veranstaltungen\/firmenveranstaltungen\/firmenjubilaeen\/\" \/>\n<meta property=\"og:site_name\" content=\"hotelreservation.de\" \/>\n<meta property=\"article:modified_time\" content=\"2020-02-19T10:49:22+00:00\" \/>\n<meta property=\"og:image\" content=\"https:\/\/www.hotelreservation.de\/wp-content\/uploads\/2019\/06\/firmenveranstaltungen_firmenjubilaen_vorschaubild.jpg\" \/>\n\t<meta property=\"og:image:width\" content=\"1500\" \/>\n\t<meta property=\"og:image:height\" content=\"1000\" \/>\n\t<meta property=\"og:image:type\" content=\"image\/jpeg\" \/>\n<meta name=\"twitter:card\" content=\"summary_large_image\" \/>\n<script type=\"application\/ld+json\" class=\"yoast-schema-graph\">{\"@context\":\"https:\\\/\\\/schema.org\",\"@graph\":[{\"@type\":\"WebPage\",\"@id\":\"https:\\\/\\\/www.hotelreservation.de\\\/de\\\/veranstaltungen\\\/firmenveranstaltungen\\\/firmenjubilaeen\\\/\",\"url\":\"https:\\\/\\\/www.hotelreservation.de\\\/de\\\/veranstaltungen\\\/firmenveranstaltungen\\\/firmenjubilaeen\\\/\",\"name\":\"Unvergessliche Jubil\u00e4ums-Events \u2013 vom Profi organisiert.\",\"isPartOf\":{\"@id\":\"https:\\\/\\\/www.hotelreservation.de\\\/de\\\/#website\"},\"primaryImageOfPage\":{\"@id\":\"https:\\\/\\\/www.hotelreservation.de\\\/de\\\/veranstaltungen\\\/firmenveranstaltungen\\\/firmenjubilaeen\\\/#primaryimage\"},\"image\":{\"@id\":\"https:\\\/\\\/www.hotelreservation.de\\\/de\\\/veranstaltungen\\\/firmenveranstaltungen\\\/firmenjubilaeen\\\/#primaryimage\"},\"thumbnailUrl\":\"https:\\\/\\\/www.hotelreservation.de\\\/wp-content\\\/uploads\\\/2019\\\/06\\\/firmenveranstaltungen_firmenjubilaen_vorschaubild.jpg\",\"datePublished\":\"2019-05-23T09:09:52+00:00\",\"dateModified\":\"2020-02-19T10:49:22+00:00\",\"description\":\"Ein Firmenjubil\u00e4um muss gefeiert werden. TEST organisiert hochwertige Jubil\u00e4ums-Events f\u00fcr Ihr Unternehmen.\",\"breadcrumb\":{\"@id\":\"https:\\\/\\\/www.hotelreservation.de\\\/de\\\/veranstaltungen\\\/firmenveranstaltungen\\\/firmenjubilaeen\\\/#breadcrumb\"},\"inLanguage\":\"de\",\"potentialAction\":[{\"@type\":\"ReadAction\",\"target\":[\"https:\\\/\\\/www.hotelreservation.de\\\/de\\\/veranstaltungen\\\/firmenveranstaltungen\\\/firmenjubilaeen\\\/\"]}]},{\"@type\":\"ImageObject\",\"inLanguage\":\"de\",\"@id\":\"https:\\\/\\\/www.hotelreservation.de\\\/de\\\/veranstaltungen\\\/firmenveranstaltungen\\\/firmenjubilaeen\\\/#primaryimage\",\"url\":\"https:\\\/\\\/www.hotelreservation.de\\\/wp-content\\\/uploads\\\/2019\\\/06\\\/firmenveranstaltungen_firmenjubilaen_vorschaubild.jpg\",\"contentUrl\":\"https:\\\/\\\/www.hotelreservation.de\\\/wp-content\\\/uploads\\\/2019\\\/06\\\/firmenveranstaltungen_firmenjubilaen_vorschaubild.jpg\",\"width\":1500,\"height\":1000,\"caption\":\"firmenveranstaltungen firmenjubilaen vorschaubild\"},{\"@type\":\"BreadcrumbList\",\"@id\":\"https:\\\/\\\/www.hotelreservation.de\\\/de\\\/veranstaltungen\\\/firmenveranstaltungen\\\/firmenjubilaeen\\\/#breadcrumb\",\"itemListElement\":[{\"@type\":\"ListItem\",\"position\":1,\"name\":\"Startseite\",\"item\":\"https:\\\/\\\/www.hotelreservation.de\\\/de\\\/\"},{\"@type\":\"ListItem\",\"position\":2,\"name\":\"Veranstaltungen\",\"item\":\"https:\\\/\\\/www.hotelreservation.de\\\/de\\\/veranstaltungen\\\/\"},{\"@type\":\"ListItem\",\"position\":3,\"name\":\"Firmenveranstaltungen\",\"item\":\"https:\\\/\\\/www.hotelreservation.de\\\/de\\\/veranstaltungen\\\/firmenveranstaltungen\\\/\"},{\"@type\":\"ListItem\",\"position\":4,\"name\":\"Firmenjubil\u00e4um\"}]},{\"@type\":\"WebSite\",\"@id\":\"https:\\\/\\\/www.hotelreservation.de\\\/de\\\/#website\",\"url\":\"https:\\\/\\\/www.hotelreservation.de\\\/de\\\/\",\"name\":\"hotelreservation.de\",\"description\":\"\",\"publisher\":{\"@id\":\"https:\\\/\\\/www.hotelreservation.de\\\/de\\\/#organization\"},\"potentialAction\":[{\"@type\":\"SearchAction\",\"target\":{\"@type\":\"EntryPoint\",\"urlTemplate\":\"https:\\\/\\\/www.hotelreservation.de\\\/de\\\/?s={search_term_string}\"},\"query-input\":{\"@type\":\"PropertyValueSpecification\",\"valueRequired\":true,\"valueName\":\"search_term_string\"}}],\"inLanguage\":\"de\"},{\"@type\":\"Organization\",\"@id\":\"https:\\\/\\\/www.hotelreservation.de\\\/de\\\/#organization\",\"name\":\"TEST GmbH & Co. KG\",\"url\":\"https:\\\/\\\/www.hotelreservation.de\\\/de\\\/\",\"logo\":{\"@type\":\"ImageObject\",\"inLanguage\":\"de\",\"@id\":\"https:\\\/\\\/www.hotelreservation.de\\\/de\\\/#\\\/schema\\\/logo\\\/image\\\/\",\"url\":\"https:\\\/\\\/www.hotelreservation.de\\\/wp-content\\\/uploads\\\/2019\\\/11\\\/TEST_gr\u00fcn.png\",\"contentUrl\":\"https:\\\/\\\/www.hotelreservation.de\\\/wp-content\\\/uploads\\\/2019\\\/11\\\/TEST_gr\u00fcn.png\",\"width\":1000,\"height\":770,\"caption\":\"TEST GmbH & Co. KG\"},\"image\":{\"@id\":\"https:\\\/\\\/www.hotelreservation.de\\\/de\\\/#\\\/schema\\\/logo\\\/image\\\/\"}}]}<\/script>\n<!-- \/ Yoast SEO plugin. -->","yoast_head_json":{"title":"Unvergessliche Jubil\u00e4ums-Events \u2013 vom Profi organisiert.","description":"Ein Firmenjubil\u00e4um muss gefeiert werden. TEST organisiert hochwertige Jubil\u00e4ums-Events f\u00fcr Ihr Unternehmen.","robots":{"index":"index","follow":"follow","max-snippet":"max-snippet:-1","max-image-preview":"max-image-preview:large","max-video-preview":"max-video-preview:-1"},"canonical":"https:\/\/www.hotelreservation.de\/de\/veranstaltungen\/firmenveranstaltungen\/firmenjubilaeen\/","og_locale":"de_DE","og_type":"article","og_title":"Unvergessliche Jubil\u00e4ums-Events \u2013 vom Profi organisiert.","og_description":"Ein Firmenjubil\u00e4um muss gefeiert werden. TEST organisiert hochwertige Jubil\u00e4ums-Events f\u00fcr Ihr Unternehmen.","og_url":"https:\/\/www.hotelreservation.de\/de\/veranstaltungen\/firmenveranstaltungen\/firmenjubilaeen\/","og_site_name":"hotelreservation.de","article_modified_time":"2020-02-19T10:49:22+00:00","og_image":[{"width":1500,"height":1000,"url":"https:\/\/www.hotelreservation.de\/wp-content\/uploads\/2019\/06\/firmenveranstaltungen_firmenjubilaen_vorschaubild.jpg","type":"image\/jpeg"}],"twitter_card":"summary_large_image","schema":{"@context":"https:\/\/schema.org","@graph":[{"@type":"WebPage","@id":"https:\/\/www.hotelreservation.de\/de\/veranstaltungen\/firmenveranstaltungen\/firmenjubilaeen\/","url":"https:\/\/www.hotelreservation.de\/de\/veranstaltungen\/firmenveranstaltungen\/firmenjubilaeen\/","name":"Unvergessliche Jubil\u00e4ums-Events \u2013 vom Profi organisiert.","isPartOf":{"@id":"https:\/\/www.hotelreservation.de\/de\/#website"},"primaryImageOfPage":{"@id":"https:\/\/www.hotelreservation.de\/de\/veranstaltungen\/firmenveranstaltungen\/firmenjubilaeen\/#primaryimage"},"image":{"@id":"https:\/\/www.hotelreservation.de\/de\/veranstaltungen\/firmenveranstaltungen\/firmenjubilaeen\/#primaryimage"},"thumbnailUrl":"https:\/\/www.hotelreservation.de\/wp-content\/uploads\/2019\/06\/firmenveranstaltungen_firmenjubilaen_vorschaubild.jpg","datePublished":"2019-05-23T09:09:52+00:00","dateModified":"2020-02-19T10:49:22+00:00","description":"Ein Firmenjubil\u00e4um muss gefeiert werden. TEST organisiert hochwertige Jubil\u00e4ums-Events f\u00fcr Ihr Unternehmen.","breadcrumb":{"@id":"https:\/\/www.hotelreservation.de\/de\/veranstaltungen\/firmenveranstaltungen\/firmenjubilaeen\/#breadcrumb"},"inLanguage":"de","potentialAction":[{"@type":"ReadAction","target":["https:\/\/www.hotelreservation.de\/de\/veranstaltungen\/firmenveranstaltungen\/firmenjubilaeen\/"]}]},{"@type":"ImageObject","inLanguage":"de","@id":"https:\/\/www.hotelreservation.de\/de\/veranstaltungen\/firmenveranstaltungen\/firmenjubilaeen\/#primaryimage","url":"https:\/\/www.hotelreservation.de\/wp-content\/uploads\/2019\/06\/firmenveranstaltungen_firmenjubilaen_vorschaubild.jpg","contentUrl":"https:\/\/www.hotelreservation.de\/wp-content\/uploads\/2019\/06\/firmenveranstaltungen_firmenjubilaen_vorschaubild.jpg","width":1500,"height":1000,"caption":"firmenveranstaltungen firmenjubilaen vorschaubild"},{"@type":"BreadcrumbList","@id":"https:\/\/www.hotelreservation.de\/de\/veranstaltungen\/firmenveranstaltungen\/firmenjubilaeen\/#breadcrumb","itemListElement":[{"@type":"ListItem","position":1,"name":"Startseite","item":"https:\/\/www.hotelreservation.de\/de\/"},{"@type":"ListItem","position":2,"name":"Veranstaltungen","item":"https:\/\/www.hotelreservation.de\/de\/veranstaltungen\/"},{"@type":"ListItem","position":3,"name":"Firmenveranstaltungen","item":"https:\/\/www.hotelreservation.de\/de\/veranstaltungen\/firmenveranstaltungen\/"},{"@type":"ListItem","position":4,"name":"Firmenjubil\u00e4um"}]},{"@type":"WebSite","@id":"https:\/\/www.hotelreservation.de\/de\/#website","url":"https:\/\/www.hotelreservation.de\/de\/","name":"hotelreservation.de","description":"","publisher":{"@id":"https:\/\/www.hotelreservation.de\/de\/#organization"},"potentialAction":[{"@type":"SearchAction","target":{"@type":"EntryPoint","urlTemplate":"https:\/\/www.hotelreservation.de\/de\/?s={search_term_string}"},"query-input":{"@type":"PropertyValueSpecification","valueRequired":true,"valueName":"search_term_string"}}],"inLanguage":"de"},{"@type":"Organization","@id":"https:\/\/www.hotelreservation.de\/de\/#organization","name":"TEST GmbH & Co. KG","url":"https:\/\/www.hotelreservation.de\/de\/","logo":{"@type":"ImageObject","inLanguage":"de","@id":"https:\/\/www.hotelreservation.de\/de\/#\/schema\/logo\/image\/","url":"https:\/\/www.hotelreservation.de\/wp-content\/uploads\/2019\/11\/TEST_gr\u00fcn.png","contentUrl":"https:\/\/www.hotelreservation.de\/wp-content\/uploads\/2019\/11\/TEST_gr\u00fcn.png","width":1000,"height":770,"caption":"TEST GmbH & Co. KG"},"image":{"@id":"https:\/\/www.hotelreservation.de\/de\/#\/schema\/logo\/image\/"}}]}},"_links":{"self":[{"href":"https:\/\/www.hotelreservation.de\/de\/wp-json\/wp\/v2\/pages\/256","targetHints":{"allow":["GET"]}}],"collection":[{"href":"https:\/\/www.hotelreservation.de\/de\/wp-json\/wp\/v2\/pages"}],"about":[{"href":"https:\/\/www.hotelreservation.de\/de\/wp-json\/wp\/v2\/types\/page"}],"author":[{"embeddable":true,"href":"https:\/\/www.hotelreservation.de\/de\/wp-json\/wp\/v2\/users\/1"}],"replies":[{"embeddable":true,"href":"https:\/\/www.hotelreservation.de\/de\/wp-json\/wp\/v2\/comments?post=256"}],"version-history":[{"count":0,"href":"https:\/\/www.hotelreservation.de\/de\/wp-json\/wp\/v2\/pages\/256\/revisions"}],"up":[{"embeddable":true,"href":"https:\/\/www.hotelreservation.de\/de\/wp-json\/wp\/v2\/pages\/248"}],"wp:featuredmedia":[{"embeddable":true,"href":"https:\/\/www.hotelreservation.de\/de\/wp-json\/wp\/v2\/media\/1598"}],"wp:attachment":[{"href":"https:\/\/www.hotelreservation.de\/de\/wp-json\/wp\/v2\/media?parent=256"}],"curies":[{"name":"wp","href":"https:\/\/api.w.org\/{rel}","templated":true}]}}