{"id":250,"date":"2019-05-23T11:07:14","date_gmt":"2019-05-23T09:07:14","guid":{"rendered":"https:\/\/www.hotelreservation.de\/?page_id=250"},"modified":"2020-02-19T11:16:45","modified_gmt":"2020-02-19T10:16:45","slug":"kundenevents","status":"publish","type":"page","link":"https:\/\/www.hotelreservation.de\/de\/veranstaltungen\/firmenveranstaltungen\/kundenevents\/","title":{"rendered":"Kundenevents"},"content":{"rendered":"<p>Setzen Sie Ihre Marke in den Mittelpunkt und laden Sie Ihre Kunden zu einem ganz besonder-<br \/>\nen Erlebnis ein. Wir konzipieren eine Veranstaltung rund um den Kern Ihrer Markenbotschaft und vermitteln diesen hautnah Ihren G\u00e4sten. Mit uns bekommt der Begriff Kundenbindung eine ganz neue Dimension.<\/p>\n","protected":false},"excerpt":{"rendered":"<p>Setzen Sie Ihre Marke in den Mittelpunkt und laden Sie Ihre Kunden zu einem ganz besonder- en Erlebnis ein. Wir konzipieren eine Veranstaltung rund um den Kern Ihrer Markenbotschaft und &hellip; <a href=\"https:\/\/www.hotelreservation.de\/de\/veranstaltungen\/firmenveranstaltungen\/kundenevents\/\" class=\"more-link\">weiterlesen<span class=\"screen-reader-text\"> &#8222;Kundenevents&#8220;<\/span><\/a><\/p>\n","protected":false},"author":1,"featured_media":1281,"parent":248,"menu_order":0,"comment_status":"closed","ping_status":"closed","template":"page-content-2.php","meta":{"_acf_changed":false,"footnotes":""},"class_list":["post-250","page","type-page","status-publish","has-post-thumbnail","hentry"],"acf":[],"yoast_head":"<!-- This site is optimized with the Yoast SEO plugin v27.5 - https:\/\/yoast.com\/product\/yoast-seo-wordpress\/ -->\n<title>Au\u00dfergew\u00f6hnliche Events kurbeln Ihr Gesch\u00e4ft an! Hier bei TEST buchen<\/title>\n<meta name=\"description\" content=\"Kundenevents transportieren den Kern Ihrer Markenbotschaft. Wir sorgen daf\u00fcr, dass Ihre Botschaft bei Ihren Kunden ankommt.\" \/>\n<meta name=\"robots\" content=\"index, follow, max-snippet:-1, max-image-preview:large, max-video-preview:-1\" \/>\n<link rel=\"canonical\" href=\"https:\/\/www.hotelreservation.de\/de\/veranstaltungen\/firmenveranstaltungen\/kundenevents\/\" \/>\n<meta property=\"og:locale\" content=\"de_DE\" \/>\n<meta property=\"og:type\" content=\"article\" \/>\n<meta property=\"og:title\" content=\"Au\u00dfergew\u00f6hnliche Events kurbeln Ihr Gesch\u00e4ft an! Hier bei TEST buchen\" \/>\n<meta property=\"og:description\" content=\"Kundenevents transportieren den Kern Ihrer Markenbotschaft. Wir sorgen daf\u00fcr, dass Ihre Botschaft bei Ihren Kunden ankommt.\" \/>\n<meta property=\"og:url\" content=\"https:\/\/www.hotelreservation.de\/de\/veranstaltungen\/firmenveranstaltungen\/kundenevents\/\" \/>\n<meta property=\"og:site_name\" content=\"hotelreservation.de\" \/>\n<meta property=\"article:modified_time\" content=\"2020-02-19T10:16:45+00:00\" \/>\n<meta property=\"og:image\" content=\"https:\/\/www.hotelreservation.de\/wp-content\/uploads\/2019\/06\/firmenveranstaltungen_vorschaubild.jpg\" \/>\n\t<meta property=\"og:image:width\" content=\"1500\" \/>\n\t<meta property=\"og:image:height\" content=\"1000\" \/>\n\t<meta property=\"og:image:type\" content=\"image\/jpeg\" \/>\n<meta name=\"twitter:card\" content=\"summary_large_image\" \/>\n<script type=\"application\/ld+json\" class=\"yoast-schema-graph\">{\"@context\":\"https:\\\/\\\/schema.org\",\"@graph\":[{\"@type\":\"WebPage\",\"@id\":\"https:\\\/\\\/www.hotelreservation.de\\\/de\\\/veranstaltungen\\\/firmenveranstaltungen\\\/kundenevents\\\/\",\"url\":\"https:\\\/\\\/www.hotelreservation.de\\\/de\\\/veranstaltungen\\\/firmenveranstaltungen\\\/kundenevents\\\/\",\"name\":\"Au\u00dfergew\u00f6hnliche Events kurbeln Ihr Gesch\u00e4ft an! Hier bei TEST buchen\",\"isPartOf\":{\"@id\":\"https:\\\/\\\/www.hotelreservation.de\\\/de\\\/#website\"},\"primaryImageOfPage\":{\"@id\":\"https:\\\/\\\/www.hotelreservation.de\\\/de\\\/veranstaltungen\\\/firmenveranstaltungen\\\/kundenevents\\\/#primaryimage\"},\"image\":{\"@id\":\"https:\\\/\\\/www.hotelreservation.de\\\/de\\\/veranstaltungen\\\/firmenveranstaltungen\\\/kundenevents\\\/#primaryimage\"},\"thumbnailUrl\":\"https:\\\/\\\/www.hotelreservation.de\\\/wp-content\\\/uploads\\\/2019\\\/06\\\/firmenveranstaltungen_vorschaubild.jpg\",\"datePublished\":\"2019-05-23T09:07:14+00:00\",\"dateModified\":\"2020-02-19T10:16:45+00:00\",\"description\":\"Kundenevents transportieren den Kern Ihrer Markenbotschaft. Wir sorgen daf\u00fcr, dass Ihre Botschaft bei Ihren Kunden ankommt.\",\"breadcrumb\":{\"@id\":\"https:\\\/\\\/www.hotelreservation.de\\\/de\\\/veranstaltungen\\\/firmenveranstaltungen\\\/kundenevents\\\/#breadcrumb\"},\"inLanguage\":\"de\",\"potentialAction\":[{\"@type\":\"ReadAction\",\"target\":[\"https:\\\/\\\/www.hotelreservation.de\\\/de\\\/veranstaltungen\\\/firmenveranstaltungen\\\/kundenevents\\\/\"]}]},{\"@type\":\"ImageObject\",\"inLanguage\":\"de\",\"@id\":\"https:\\\/\\\/www.hotelreservation.de\\\/de\\\/veranstaltungen\\\/firmenveranstaltungen\\\/kundenevents\\\/#primaryimage\",\"url\":\"https:\\\/\\\/www.hotelreservation.de\\\/wp-content\\\/uploads\\\/2019\\\/06\\\/firmenveranstaltungen_vorschaubild.jpg\",\"contentUrl\":\"https:\\\/\\\/www.hotelreservation.de\\\/wp-content\\\/uploads\\\/2019\\\/06\\\/firmenveranstaltungen_vorschaubild.jpg\",\"width\":1500,\"height\":1000,\"caption\":\"firmenveranstaltungen vorschaubild\"},{\"@type\":\"BreadcrumbList\",\"@id\":\"https:\\\/\\\/www.hotelreservation.de\\\/de\\\/veranstaltungen\\\/firmenveranstaltungen\\\/kundenevents\\\/#breadcrumb\",\"itemListElement\":[{\"@type\":\"ListItem\",\"position\":1,\"name\":\"Startseite\",\"item\":\"https:\\\/\\\/www.hotelreservation.de\\\/de\\\/\"},{\"@type\":\"ListItem\",\"position\":2,\"name\":\"Veranstaltungen\",\"item\":\"https:\\\/\\\/www.hotelreservation.de\\\/de\\\/veranstaltungen\\\/\"},{\"@type\":\"ListItem\",\"position\":3,\"name\":\"Firmenveranstaltungen\",\"item\":\"https:\\\/\\\/www.hotelreservation.de\\\/de\\\/veranstaltungen\\\/firmenveranstaltungen\\\/\"},{\"@type\":\"ListItem\",\"position\":4,\"name\":\"Kundenevents\"}]},{\"@type\":\"WebSite\",\"@id\":\"https:\\\/\\\/www.hotelreservation.de\\\/de\\\/#website\",\"url\":\"https:\\\/\\\/www.hotelreservation.de\\\/de\\\/\",\"name\":\"hotelreservation.de\",\"description\":\"\",\"publisher\":{\"@id\":\"https:\\\/\\\/www.hotelreservation.de\\\/de\\\/#organization\"},\"potentialAction\":[{\"@type\":\"SearchAction\",\"target\":{\"@type\":\"EntryPoint\",\"urlTemplate\":\"https:\\\/\\\/www.hotelreservation.de\\\/de\\\/?s={search_term_string}\"},\"query-input\":{\"@type\":\"PropertyValueSpecification\",\"valueRequired\":true,\"valueName\":\"search_term_string\"}}],\"inLanguage\":\"de\"},{\"@type\":\"Organization\",\"@id\":\"https:\\\/\\\/www.hotelreservation.de\\\/de\\\/#organization\",\"name\":\"TEST GmbH & Co. KG\",\"url\":\"https:\\\/\\\/www.hotelreservation.de\\\/de\\\/\",\"logo\":{\"@type\":\"ImageObject\",\"inLanguage\":\"de\",\"@id\":\"https:\\\/\\\/www.hotelreservation.de\\\/de\\\/#\\\/schema\\\/logo\\\/image\\\/\",\"url\":\"https:\\\/\\\/www.hotelreservation.de\\\/wp-content\\\/uploads\\\/2019\\\/11\\\/TEST_gr\u00fcn.png\",\"contentUrl\":\"https:\\\/\\\/www.hotelreservation.de\\\/wp-content\\\/uploads\\\/2019\\\/11\\\/TEST_gr\u00fcn.png\",\"width\":1000,\"height\":770,\"caption\":\"TEST GmbH & Co. KG\"},\"image\":{\"@id\":\"https:\\\/\\\/www.hotelreservation.de\\\/de\\\/#\\\/schema\\\/logo\\\/image\\\/\"}}]}<\/script>\n<!-- \/ Yoast SEO plugin. -->","yoast_head_json":{"title":"Au\u00dfergew\u00f6hnliche Events kurbeln Ihr Gesch\u00e4ft an! Hier bei TEST buchen","description":"Kundenevents transportieren den Kern Ihrer Markenbotschaft. Wir sorgen daf\u00fcr, dass Ihre Botschaft bei Ihren Kunden ankommt.","robots":{"index":"index","follow":"follow","max-snippet":"max-snippet:-1","max-image-preview":"max-image-preview:large","max-video-preview":"max-video-preview:-1"},"canonical":"https:\/\/www.hotelreservation.de\/de\/veranstaltungen\/firmenveranstaltungen\/kundenevents\/","og_locale":"de_DE","og_type":"article","og_title":"Au\u00dfergew\u00f6hnliche Events kurbeln Ihr Gesch\u00e4ft an! Hier bei TEST buchen","og_description":"Kundenevents transportieren den Kern Ihrer Markenbotschaft. Wir sorgen daf\u00fcr, dass Ihre Botschaft bei Ihren Kunden ankommt.","og_url":"https:\/\/www.hotelreservation.de\/de\/veranstaltungen\/firmenveranstaltungen\/kundenevents\/","og_site_name":"hotelreservation.de","article_modified_time":"2020-02-19T10:16:45+00:00","og_image":[{"width":1500,"height":1000,"url":"https:\/\/www.hotelreservation.de\/wp-content\/uploads\/2019\/06\/firmenveranstaltungen_vorschaubild.jpg","type":"image\/jpeg"}],"twitter_card":"summary_large_image","schema":{"@context":"https:\/\/schema.org","@graph":[{"@type":"WebPage","@id":"https:\/\/www.hotelreservation.de\/de\/veranstaltungen\/firmenveranstaltungen\/kundenevents\/","url":"https:\/\/www.hotelreservation.de\/de\/veranstaltungen\/firmenveranstaltungen\/kundenevents\/","name":"Au\u00dfergew\u00f6hnliche Events kurbeln Ihr Gesch\u00e4ft an! Hier bei TEST buchen","isPartOf":{"@id":"https:\/\/www.hotelreservation.de\/de\/#website"},"primaryImageOfPage":{"@id":"https:\/\/www.hotelreservation.de\/de\/veranstaltungen\/firmenveranstaltungen\/kundenevents\/#primaryimage"},"image":{"@id":"https:\/\/www.hotelreservation.de\/de\/veranstaltungen\/firmenveranstaltungen\/kundenevents\/#primaryimage"},"thumbnailUrl":"https:\/\/www.hotelreservation.de\/wp-content\/uploads\/2019\/06\/firmenveranstaltungen_vorschaubild.jpg","datePublished":"2019-05-23T09:07:14+00:00","dateModified":"2020-02-19T10:16:45+00:00","description":"Kundenevents transportieren den Kern Ihrer Markenbotschaft. Wir sorgen daf\u00fcr, dass Ihre Botschaft bei Ihren Kunden ankommt.","breadcrumb":{"@id":"https:\/\/www.hotelreservation.de\/de\/veranstaltungen\/firmenveranstaltungen\/kundenevents\/#breadcrumb"},"inLanguage":"de","potentialAction":[{"@type":"ReadAction","target":["https:\/\/www.hotelreservation.de\/de\/veranstaltungen\/firmenveranstaltungen\/kundenevents\/"]}]},{"@type":"ImageObject","inLanguage":"de","@id":"https:\/\/www.hotelreservation.de\/de\/veranstaltungen\/firmenveranstaltungen\/kundenevents\/#primaryimage","url":"https:\/\/www.hotelreservation.de\/wp-content\/uploads\/2019\/06\/firmenveranstaltungen_vorschaubild.jpg","contentUrl":"https:\/\/www.hotelreservation.de\/wp-content\/uploads\/2019\/06\/firmenveranstaltungen_vorschaubild.jpg","width":1500,"height":1000,"caption":"firmenveranstaltungen vorschaubild"},{"@type":"BreadcrumbList","@id":"https:\/\/www.hotelreservation.de\/de\/veranstaltungen\/firmenveranstaltungen\/kundenevents\/#breadcrumb","itemListElement":[{"@type":"ListItem","position":1,"name":"Startseite","item":"https:\/\/www.hotelreservation.de\/de\/"},{"@type":"ListItem","position":2,"name":"Veranstaltungen","item":"https:\/\/www.hotelreservation.de\/de\/veranstaltungen\/"},{"@type":"ListItem","position":3,"name":"Firmenveranstaltungen","item":"https:\/\/www.hotelreservation.de\/de\/veranstaltungen\/firmenveranstaltungen\/"},{"@type":"ListItem","position":4,"name":"Kundenevents"}]},{"@type":"WebSite","@id":"https:\/\/www.hotelreservation.de\/de\/#website","url":"https:\/\/www.hotelreservation.de\/de\/","name":"hotelreservation.de","description":"","publisher":{"@id":"https:\/\/www.hotelreservation.de\/de\/#organization"},"potentialAction":[{"@type":"SearchAction","target":{"@type":"EntryPoint","urlTemplate":"https:\/\/www.hotelreservation.de\/de\/?s={search_term_string}"},"query-input":{"@type":"PropertyValueSpecification","valueRequired":true,"valueName":"search_term_string"}}],"inLanguage":"de"},{"@type":"Organization","@id":"https:\/\/www.hotelreservation.de\/de\/#organization","name":"TEST GmbH & Co. KG","url":"https:\/\/www.hotelreservation.de\/de\/","logo":{"@type":"ImageObject","inLanguage":"de","@id":"https:\/\/www.hotelreservation.de\/de\/#\/schema\/logo\/image\/","url":"https:\/\/www.hotelreservation.de\/wp-content\/uploads\/2019\/11\/TEST_gr\u00fcn.png","contentUrl":"https:\/\/www.hotelreservation.de\/wp-content\/uploads\/2019\/11\/TEST_gr\u00fcn.png","width":1000,"height":770,"caption":"TEST GmbH & Co. KG"},"image":{"@id":"https:\/\/www.hotelreservation.de\/de\/#\/schema\/logo\/image\/"}}]}},"_links":{"self":[{"href":"https:\/\/www.hotelreservation.de\/de\/wp-json\/wp\/v2\/pages\/250","targetHints":{"allow":["GET"]}}],"collection":[{"href":"https:\/\/www.hotelreservation.de\/de\/wp-json\/wp\/v2\/pages"}],"about":[{"href":"https:\/\/www.hotelreservation.de\/de\/wp-json\/wp\/v2\/types\/page"}],"author":[{"embeddable":true,"href":"https:\/\/www.hotelreservation.de\/de\/wp-json\/wp\/v2\/users\/1"}],"replies":[{"embeddable":true,"href":"https:\/\/www.hotelreservation.de\/de\/wp-json\/wp\/v2\/comments?post=250"}],"version-history":[{"count":0,"href":"https:\/\/www.hotelreservation.de\/de\/wp-json\/wp\/v2\/pages\/250\/revisions"}],"up":[{"embeddable":true,"href":"https:\/\/www.hotelreservation.de\/de\/wp-json\/wp\/v2\/pages\/248"}],"wp:featuredmedia":[{"embeddable":true,"href":"https:\/\/www.hotelreservation.de\/de\/wp-json\/wp\/v2\/media\/1281"}],"wp:attachment":[{"href":"https:\/\/www.hotelreservation.de\/de\/wp-json\/wp\/v2\/media?parent=250"}],"curies":[{"name":"wp","href":"https:\/\/api.w.org\/{rel}","templated":true}]}}