{"id":248,"date":"2019-05-23T11:00:38","date_gmt":"2019-05-23T09:00:38","guid":{"rendered":"https:\/\/www.hotelreservation.de\/?page_id=248"},"modified":"2023-01-12T13:40:58","modified_gmt":"2023-01-12T12:40:58","slug":"firmenveranstaltungen","status":"publish","type":"page","link":"https:\/\/www.hotelreservation.de\/de\/veranstaltungen\/firmenveranstaltungen\/","title":{"rendered":"Firmenveranstaltungen"},"content":{"rendered":"<div class=\"content\">Jubil\u00e4um, Jahreshauptversammlung, Team-<br \/>\nbuilding oder After-Work-Party? TEST Hotelreservation &amp; Events ist Ihr Partner f\u00fcr alle Arten von Firmenveranstaltungen. Seit vielen Jahren genie\u00dfen wir das Vertrauen unserer Kunden zur Durchf\u00fchrung ihrer <a href=\"https:\/\/www.hotelreservation.de\/de\/veranstaltungen\/\">Veranstaltungen<\/a> und Events. Dabei sind wir in Idee und Umsetzung immer auf der H\u00f6he der Zeit und setzen von neuen Technologien bis zu modernen Showacts alles ein, was Ihre Veranstaltung zum Erfolg werden l\u00e4sst.<\/div>\n","protected":false},"excerpt":{"rendered":"<p>Jubil\u00e4um, Jahreshauptversammlung, Team- building oder After-Work-Party? TEST Hotelreservation &amp; Events ist Ihr Partner f\u00fcr alle Arten von Firmenveranstaltungen. Seit vielen Jahren genie\u00dfen wir das Vertrauen unserer Kunden zur Durchf\u00fchrung ihrer &hellip; <a href=\"https:\/\/www.hotelreservation.de\/de\/veranstaltungen\/firmenveranstaltungen\/\" class=\"more-link\">weiterlesen<span class=\"screen-reader-text\"> &#8222;Firmenveranstaltungen&#8220;<\/span><\/a><\/p>\n","protected":false},"author":1,"featured_media":1281,"parent":156,"menu_order":0,"comment_status":"closed","ping_status":"closed","template":"page-content-2.php","meta":{"_acf_changed":false,"footnotes":""},"class_list":["post-248","page","type-page","status-publish","has-post-thumbnail","hentry"],"acf":[],"yoast_head":"<!-- This site is optimized with the Yoast SEO plugin v27.5 - https:\/\/yoast.com\/product\/yoast-seo-wordpress\/ -->\n<title>Firmenveranstaltungen und Firmenevents<\/title>\n<meta name=\"description\" content=\"SIe ben\u00f6tigen einen Experten f\u00fcr Ihre Firmenveranstaltungen? Wir unterst\u00fctzen Sie bei Ihrer Firmenveranstaltung oder Ihrem Firmenevent.\" \/>\n<meta name=\"robots\" content=\"index, follow, max-snippet:-1, max-image-preview:large, max-video-preview:-1\" \/>\n<link rel=\"canonical\" href=\"https:\/\/www.hotelreservation.de\/de\/veranstaltungen\/firmenveranstaltungen\/\" \/>\n<meta property=\"og:locale\" content=\"de_DE\" \/>\n<meta property=\"og:type\" content=\"article\" \/>\n<meta property=\"og:title\" content=\"Firmenveranstaltungen und Firmenevents\" \/>\n<meta property=\"og:description\" content=\"SIe ben\u00f6tigen einen Experten f\u00fcr Ihre Firmenveranstaltungen? Wir unterst\u00fctzen Sie bei Ihrer Firmenveranstaltung oder Ihrem Firmenevent.\" \/>\n<meta property=\"og:url\" content=\"https:\/\/www.hotelreservation.de\/de\/veranstaltungen\/firmenveranstaltungen\/\" \/>\n<meta property=\"og:site_name\" content=\"hotelreservation.de\" \/>\n<meta property=\"article:modified_time\" content=\"2023-01-12T12:40:58+00:00\" \/>\n<meta property=\"og:image\" content=\"https:\/\/www.hotelreservation.de\/wp-content\/uploads\/2019\/06\/firmenveranstaltungen_vorschaubild.jpg\" \/>\n\t<meta property=\"og:image:width\" content=\"1500\" \/>\n\t<meta property=\"og:image:height\" content=\"1000\" \/>\n\t<meta property=\"og:image:type\" content=\"image\/jpeg\" \/>\n<meta name=\"twitter:card\" content=\"summary_large_image\" \/>\n<meta name=\"twitter:label1\" content=\"Gesch\u00e4tzte Lesezeit\" \/>\n\t<meta name=\"twitter:data1\" content=\"1\u00a0Minute\" \/>\n<script type=\"application\/ld+json\" class=\"yoast-schema-graph\">{\"@context\":\"https:\\\/\\\/schema.org\",\"@graph\":[{\"@type\":\"WebPage\",\"@id\":\"https:\\\/\\\/www.hotelreservation.de\\\/de\\\/veranstaltungen\\\/firmenveranstaltungen\\\/\",\"url\":\"https:\\\/\\\/www.hotelreservation.de\\\/de\\\/veranstaltungen\\\/firmenveranstaltungen\\\/\",\"name\":\"Firmenveranstaltungen und Firmenevents\",\"isPartOf\":{\"@id\":\"https:\\\/\\\/www.hotelreservation.de\\\/de\\\/#website\"},\"primaryImageOfPage\":{\"@id\":\"https:\\\/\\\/www.hotelreservation.de\\\/de\\\/veranstaltungen\\\/firmenveranstaltungen\\\/#primaryimage\"},\"image\":{\"@id\":\"https:\\\/\\\/www.hotelreservation.de\\\/de\\\/veranstaltungen\\\/firmenveranstaltungen\\\/#primaryimage\"},\"thumbnailUrl\":\"https:\\\/\\\/www.hotelreservation.de\\\/wp-content\\\/uploads\\\/2019\\\/06\\\/firmenveranstaltungen_vorschaubild.jpg\",\"datePublished\":\"2019-05-23T09:00:38+00:00\",\"dateModified\":\"2023-01-12T12:40:58+00:00\",\"description\":\"SIe ben\u00f6tigen einen Experten f\u00fcr Ihre Firmenveranstaltungen? Wir unterst\u00fctzen Sie bei Ihrer Firmenveranstaltung oder Ihrem Firmenevent.\",\"breadcrumb\":{\"@id\":\"https:\\\/\\\/www.hotelreservation.de\\\/de\\\/veranstaltungen\\\/firmenveranstaltungen\\\/#breadcrumb\"},\"inLanguage\":\"de\",\"potentialAction\":[{\"@type\":\"ReadAction\",\"target\":[\"https:\\\/\\\/www.hotelreservation.de\\\/de\\\/veranstaltungen\\\/firmenveranstaltungen\\\/\"]}]},{\"@type\":\"ImageObject\",\"inLanguage\":\"de\",\"@id\":\"https:\\\/\\\/www.hotelreservation.de\\\/de\\\/veranstaltungen\\\/firmenveranstaltungen\\\/#primaryimage\",\"url\":\"https:\\\/\\\/www.hotelreservation.de\\\/wp-content\\\/uploads\\\/2019\\\/06\\\/firmenveranstaltungen_vorschaubild.jpg\",\"contentUrl\":\"https:\\\/\\\/www.hotelreservation.de\\\/wp-content\\\/uploads\\\/2019\\\/06\\\/firmenveranstaltungen_vorschaubild.jpg\",\"width\":1500,\"height\":1000,\"caption\":\"firmenveranstaltungen vorschaubild\"},{\"@type\":\"BreadcrumbList\",\"@id\":\"https:\\\/\\\/www.hotelreservation.de\\\/de\\\/veranstaltungen\\\/firmenveranstaltungen\\\/#breadcrumb\",\"itemListElement\":[{\"@type\":\"ListItem\",\"position\":1,\"name\":\"Startseite\",\"item\":\"https:\\\/\\\/www.hotelreservation.de\\\/de\\\/\"},{\"@type\":\"ListItem\",\"position\":2,\"name\":\"Veranstaltungen\",\"item\":\"https:\\\/\\\/www.hotelreservation.de\\\/de\\\/veranstaltungen\\\/\"},{\"@type\":\"ListItem\",\"position\":3,\"name\":\"Firmenveranstaltungen\"}]},{\"@type\":\"WebSite\",\"@id\":\"https:\\\/\\\/www.hotelreservation.de\\\/de\\\/#website\",\"url\":\"https:\\\/\\\/www.hotelreservation.de\\\/de\\\/\",\"name\":\"hotelreservation.de\",\"description\":\"\",\"publisher\":{\"@id\":\"https:\\\/\\\/www.hotelreservation.de\\\/de\\\/#organization\"},\"potentialAction\":[{\"@type\":\"SearchAction\",\"target\":{\"@type\":\"EntryPoint\",\"urlTemplate\":\"https:\\\/\\\/www.hotelreservation.de\\\/de\\\/?s={search_term_string}\"},\"query-input\":{\"@type\":\"PropertyValueSpecification\",\"valueRequired\":true,\"valueName\":\"search_term_string\"}}],\"inLanguage\":\"de\"},{\"@type\":\"Organization\",\"@id\":\"https:\\\/\\\/www.hotelreservation.de\\\/de\\\/#organization\",\"name\":\"TEST GmbH & Co. KG\",\"url\":\"https:\\\/\\\/www.hotelreservation.de\\\/de\\\/\",\"logo\":{\"@type\":\"ImageObject\",\"inLanguage\":\"de\",\"@id\":\"https:\\\/\\\/www.hotelreservation.de\\\/de\\\/#\\\/schema\\\/logo\\\/image\\\/\",\"url\":\"https:\\\/\\\/www.hotelreservation.de\\\/wp-content\\\/uploads\\\/2019\\\/11\\\/TEST_gr\u00fcn.png\",\"contentUrl\":\"https:\\\/\\\/www.hotelreservation.de\\\/wp-content\\\/uploads\\\/2019\\\/11\\\/TEST_gr\u00fcn.png\",\"width\":1000,\"height\":770,\"caption\":\"TEST GmbH & Co. KG\"},\"image\":{\"@id\":\"https:\\\/\\\/www.hotelreservation.de\\\/de\\\/#\\\/schema\\\/logo\\\/image\\\/\"}}]}<\/script>\n<!-- \/ Yoast SEO plugin. -->","yoast_head_json":{"title":"Firmenveranstaltungen und Firmenevents","description":"SIe ben\u00f6tigen einen Experten f\u00fcr Ihre Firmenveranstaltungen? Wir unterst\u00fctzen Sie bei Ihrer Firmenveranstaltung oder Ihrem Firmenevent.","robots":{"index":"index","follow":"follow","max-snippet":"max-snippet:-1","max-image-preview":"max-image-preview:large","max-video-preview":"max-video-preview:-1"},"canonical":"https:\/\/www.hotelreservation.de\/de\/veranstaltungen\/firmenveranstaltungen\/","og_locale":"de_DE","og_type":"article","og_title":"Firmenveranstaltungen und Firmenevents","og_description":"SIe ben\u00f6tigen einen Experten f\u00fcr Ihre Firmenveranstaltungen? Wir unterst\u00fctzen Sie bei Ihrer Firmenveranstaltung oder Ihrem Firmenevent.","og_url":"https:\/\/www.hotelreservation.de\/de\/veranstaltungen\/firmenveranstaltungen\/","og_site_name":"hotelreservation.de","article_modified_time":"2023-01-12T12:40:58+00:00","og_image":[{"width":1500,"height":1000,"url":"https:\/\/www.hotelreservation.de\/wp-content\/uploads\/2019\/06\/firmenveranstaltungen_vorschaubild.jpg","type":"image\/jpeg"}],"twitter_card":"summary_large_image","twitter_misc":{"Gesch\u00e4tzte Lesezeit":"1\u00a0Minute"},"schema":{"@context":"https:\/\/schema.org","@graph":[{"@type":"WebPage","@id":"https:\/\/www.hotelreservation.de\/de\/veranstaltungen\/firmenveranstaltungen\/","url":"https:\/\/www.hotelreservation.de\/de\/veranstaltungen\/firmenveranstaltungen\/","name":"Firmenveranstaltungen und Firmenevents","isPartOf":{"@id":"https:\/\/www.hotelreservation.de\/de\/#website"},"primaryImageOfPage":{"@id":"https:\/\/www.hotelreservation.de\/de\/veranstaltungen\/firmenveranstaltungen\/#primaryimage"},"image":{"@id":"https:\/\/www.hotelreservation.de\/de\/veranstaltungen\/firmenveranstaltungen\/#primaryimage"},"thumbnailUrl":"https:\/\/www.hotelreservation.de\/wp-content\/uploads\/2019\/06\/firmenveranstaltungen_vorschaubild.jpg","datePublished":"2019-05-23T09:00:38+00:00","dateModified":"2023-01-12T12:40:58+00:00","description":"SIe ben\u00f6tigen einen Experten f\u00fcr Ihre Firmenveranstaltungen? Wir unterst\u00fctzen Sie bei Ihrer Firmenveranstaltung oder Ihrem Firmenevent.","breadcrumb":{"@id":"https:\/\/www.hotelreservation.de\/de\/veranstaltungen\/firmenveranstaltungen\/#breadcrumb"},"inLanguage":"de","potentialAction":[{"@type":"ReadAction","target":["https:\/\/www.hotelreservation.de\/de\/veranstaltungen\/firmenveranstaltungen\/"]}]},{"@type":"ImageObject","inLanguage":"de","@id":"https:\/\/www.hotelreservation.de\/de\/veranstaltungen\/firmenveranstaltungen\/#primaryimage","url":"https:\/\/www.hotelreservation.de\/wp-content\/uploads\/2019\/06\/firmenveranstaltungen_vorschaubild.jpg","contentUrl":"https:\/\/www.hotelreservation.de\/wp-content\/uploads\/2019\/06\/firmenveranstaltungen_vorschaubild.jpg","width":1500,"height":1000,"caption":"firmenveranstaltungen vorschaubild"},{"@type":"BreadcrumbList","@id":"https:\/\/www.hotelreservation.de\/de\/veranstaltungen\/firmenveranstaltungen\/#breadcrumb","itemListElement":[{"@type":"ListItem","position":1,"name":"Startseite","item":"https:\/\/www.hotelreservation.de\/de\/"},{"@type":"ListItem","position":2,"name":"Veranstaltungen","item":"https:\/\/www.hotelreservation.de\/de\/veranstaltungen\/"},{"@type":"ListItem","position":3,"name":"Firmenveranstaltungen"}]},{"@type":"WebSite","@id":"https:\/\/www.hotelreservation.de\/de\/#website","url":"https:\/\/www.hotelreservation.de\/de\/","name":"hotelreservation.de","description":"","publisher":{"@id":"https:\/\/www.hotelreservation.de\/de\/#organization"},"potentialAction":[{"@type":"SearchAction","target":{"@type":"EntryPoint","urlTemplate":"https:\/\/www.hotelreservation.de\/de\/?s={search_term_string}"},"query-input":{"@type":"PropertyValueSpecification","valueRequired":true,"valueName":"search_term_string"}}],"inLanguage":"de"},{"@type":"Organization","@id":"https:\/\/www.hotelreservation.de\/de\/#organization","name":"TEST GmbH & Co. KG","url":"https:\/\/www.hotelreservation.de\/de\/","logo":{"@type":"ImageObject","inLanguage":"de","@id":"https:\/\/www.hotelreservation.de\/de\/#\/schema\/logo\/image\/","url":"https:\/\/www.hotelreservation.de\/wp-content\/uploads\/2019\/11\/TEST_gr\u00fcn.png","contentUrl":"https:\/\/www.hotelreservation.de\/wp-content\/uploads\/2019\/11\/TEST_gr\u00fcn.png","width":1000,"height":770,"caption":"TEST GmbH & Co. KG"},"image":{"@id":"https:\/\/www.hotelreservation.de\/de\/#\/schema\/logo\/image\/"}}]}},"_links":{"self":[{"href":"https:\/\/www.hotelreservation.de\/de\/wp-json\/wp\/v2\/pages\/248","targetHints":{"allow":["GET"]}}],"collection":[{"href":"https:\/\/www.hotelreservation.de\/de\/wp-json\/wp\/v2\/pages"}],"about":[{"href":"https:\/\/www.hotelreservation.de\/de\/wp-json\/wp\/v2\/types\/page"}],"author":[{"embeddable":true,"href":"https:\/\/www.hotelreservation.de\/de\/wp-json\/wp\/v2\/users\/1"}],"replies":[{"embeddable":true,"href":"https:\/\/www.hotelreservation.de\/de\/wp-json\/wp\/v2\/comments?post=248"}],"version-history":[{"count":0,"href":"https:\/\/www.hotelreservation.de\/de\/wp-json\/wp\/v2\/pages\/248\/revisions"}],"up":[{"embeddable":true,"href":"https:\/\/www.hotelreservation.de\/de\/wp-json\/wp\/v2\/pages\/156"}],"wp:featuredmedia":[{"embeddable":true,"href":"https:\/\/www.hotelreservation.de\/de\/wp-json\/wp\/v2\/media\/1281"}],"wp:attachment":[{"href":"https:\/\/www.hotelreservation.de\/de\/wp-json\/wp\/v2\/media?parent=248"}],"curies":[{"name":"wp","href":"https:\/\/api.w.org\/{rel}","templated":true}]}}