{"id":246,"date":"2019-05-23T10:59:04","date_gmt":"2019-05-23T08:59:04","guid":{"rendered":"https:\/\/www.hotelreservation.de\/?page_id=246"},"modified":"2020-02-19T15:06:39","modified_gmt":"2020-02-19T14:06:39","slug":"tagungen","status":"publish","type":"page","link":"https:\/\/www.hotelreservation.de\/de\/veranstaltungen\/tagungen\/","title":{"rendered":"Tagungen"},"content":{"rendered":"<p>Es m\u00fcssen einmal alle an einen Tisch. Aber der Raum ist zu klein. Und nun?<br \/>\nSp\u00e4testens ab diesem Zeitpunkt k\u00fcmmern wir uns um die Planung Ihrer bevorstehenden Tagung. Wir buchen ein Tagungshotel in ansprechender Lage, koordinieren die Anreise der G\u00e4ste und konzipieren das begleitende Abendprogramm. Und Sie k\u00f6nnen sich ganz auf die Ausarbeitung der Tagungsinhalte konzentrieren.<\/p>\n","protected":false},"excerpt":{"rendered":"<p>Es m\u00fcssen einmal alle an einen Tisch. Aber der Raum ist zu klein. Und nun? Sp\u00e4testens ab diesem Zeitpunkt k\u00fcmmern wir uns um die Planung Ihrer bevorstehenden Tagung. Wir buchen &hellip; <a href=\"https:\/\/www.hotelreservation.de\/de\/veranstaltungen\/tagungen\/\" class=\"more-link\">weiterlesen<span class=\"screen-reader-text\"> &#8222;Tagungen&#8220;<\/span><\/a><\/p>\n","protected":false},"author":1,"featured_media":2417,"parent":156,"menu_order":0,"comment_status":"closed","ping_status":"closed","template":"page-content-2.php","meta":{"_acf_changed":false,"footnotes":""},"class_list":["post-246","page","type-page","status-publish","has-post-thumbnail","hentry"],"acf":[],"yoast_head":"<!-- This site is optimized with the Yoast SEO plugin v27.5 - https:\/\/yoast.com\/product\/yoast-seo-wordpress\/ -->\n<title>Tagungs-Kompetenz bis ins Detail: Wir beraten Sie hier! | TEST<\/title>\n<meta name=\"description\" content=\"Tagungen bringen in kurzer Zeit Inhalte auf den Punkt. Wir organisieren Ihre Tagung kompetent und detailgenau \u2013 wir freuen uns auf Ihre Anfrage!\" \/>\n<meta name=\"robots\" content=\"index, follow, max-snippet:-1, max-image-preview:large, max-video-preview:-1\" \/>\n<link rel=\"canonical\" href=\"https:\/\/www.hotelreservation.de\/de\/veranstaltungen\/tagungen\/\" \/>\n<meta property=\"og:locale\" content=\"de_DE\" \/>\n<meta property=\"og:type\" content=\"article\" \/>\n<meta property=\"og:title\" content=\"Tagungs-Kompetenz bis ins Detail: Wir beraten Sie hier! | TEST\" \/>\n<meta property=\"og:description\" content=\"Tagungen bringen in kurzer Zeit Inhalte auf den Punkt. Wir organisieren Ihre Tagung kompetent und detailgenau \u2013 wir freuen uns auf Ihre Anfrage!\" \/>\n<meta property=\"og:url\" content=\"https:\/\/www.hotelreservation.de\/de\/veranstaltungen\/tagungen\/\" \/>\n<meta property=\"og:site_name\" content=\"hotelreservation.de\" \/>\n<meta property=\"article:modified_time\" content=\"2020-02-19T14:06:39+00:00\" \/>\n<meta property=\"og:image\" content=\"https:\/\/www.hotelreservation.de\/wp-content\/uploads\/2019\/06\/tagungen_impressionen4_5.jpg\" \/>\n\t<meta property=\"og:image:width\" content=\"1500\" \/>\n\t<meta property=\"og:image:height\" content=\"1000\" \/>\n\t<meta property=\"og:image:type\" content=\"image\/jpeg\" \/>\n<meta name=\"twitter:card\" content=\"summary_large_image\" \/>\n<script type=\"application\/ld+json\" class=\"yoast-schema-graph\">{\"@context\":\"https:\\\/\\\/schema.org\",\"@graph\":[{\"@type\":\"WebPage\",\"@id\":\"https:\\\/\\\/www.hotelreservation.de\\\/de\\\/veranstaltungen\\\/tagungen\\\/\",\"url\":\"https:\\\/\\\/www.hotelreservation.de\\\/de\\\/veranstaltungen\\\/tagungen\\\/\",\"name\":\"Tagungs-Kompetenz bis ins Detail: Wir beraten Sie hier! | TEST\",\"isPartOf\":{\"@id\":\"https:\\\/\\\/www.hotelreservation.de\\\/de\\\/#website\"},\"primaryImageOfPage\":{\"@id\":\"https:\\\/\\\/www.hotelreservation.de\\\/de\\\/veranstaltungen\\\/tagungen\\\/#primaryimage\"},\"image\":{\"@id\":\"https:\\\/\\\/www.hotelreservation.de\\\/de\\\/veranstaltungen\\\/tagungen\\\/#primaryimage\"},\"thumbnailUrl\":\"https:\\\/\\\/www.hotelreservation.de\\\/wp-content\\\/uploads\\\/2019\\\/06\\\/tagungen_impressionen4_5.jpg\",\"datePublished\":\"2019-05-23T08:59:04+00:00\",\"dateModified\":\"2020-02-19T14:06:39+00:00\",\"description\":\"Tagungen bringen in kurzer Zeit Inhalte auf den Punkt. Wir organisieren Ihre Tagung kompetent und detailgenau \u2013 wir freuen uns auf Ihre Anfrage!\",\"breadcrumb\":{\"@id\":\"https:\\\/\\\/www.hotelreservation.de\\\/de\\\/veranstaltungen\\\/tagungen\\\/#breadcrumb\"},\"inLanguage\":\"de\",\"potentialAction\":[{\"@type\":\"ReadAction\",\"target\":[\"https:\\\/\\\/www.hotelreservation.de\\\/de\\\/veranstaltungen\\\/tagungen\\\/\"]}]},{\"@type\":\"ImageObject\",\"inLanguage\":\"de\",\"@id\":\"https:\\\/\\\/www.hotelreservation.de\\\/de\\\/veranstaltungen\\\/tagungen\\\/#primaryimage\",\"url\":\"https:\\\/\\\/www.hotelreservation.de\\\/wp-content\\\/uploads\\\/2019\\\/06\\\/tagungen_impressionen4_5.jpg\",\"contentUrl\":\"https:\\\/\\\/www.hotelreservation.de\\\/wp-content\\\/uploads\\\/2019\\\/06\\\/tagungen_impressionen4_5.jpg\",\"width\":1500,\"height\":1000,\"caption\":\"tagungen impressionen\"},{\"@type\":\"BreadcrumbList\",\"@id\":\"https:\\\/\\\/www.hotelreservation.de\\\/de\\\/veranstaltungen\\\/tagungen\\\/#breadcrumb\",\"itemListElement\":[{\"@type\":\"ListItem\",\"position\":1,\"name\":\"Startseite\",\"item\":\"https:\\\/\\\/www.hotelreservation.de\\\/de\\\/\"},{\"@type\":\"ListItem\",\"position\":2,\"name\":\"Veranstaltungen\",\"item\":\"https:\\\/\\\/www.hotelreservation.de\\\/de\\\/veranstaltungen\\\/\"},{\"@type\":\"ListItem\",\"position\":3,\"name\":\"Tagungen\"}]},{\"@type\":\"WebSite\",\"@id\":\"https:\\\/\\\/www.hotelreservation.de\\\/de\\\/#website\",\"url\":\"https:\\\/\\\/www.hotelreservation.de\\\/de\\\/\",\"name\":\"hotelreservation.de\",\"description\":\"\",\"publisher\":{\"@id\":\"https:\\\/\\\/www.hotelreservation.de\\\/de\\\/#organization\"},\"potentialAction\":[{\"@type\":\"SearchAction\",\"target\":{\"@type\":\"EntryPoint\",\"urlTemplate\":\"https:\\\/\\\/www.hotelreservation.de\\\/de\\\/?s={search_term_string}\"},\"query-input\":{\"@type\":\"PropertyValueSpecification\",\"valueRequired\":true,\"valueName\":\"search_term_string\"}}],\"inLanguage\":\"de\"},{\"@type\":\"Organization\",\"@id\":\"https:\\\/\\\/www.hotelreservation.de\\\/de\\\/#organization\",\"name\":\"TEST GmbH & Co. KG\",\"url\":\"https:\\\/\\\/www.hotelreservation.de\\\/de\\\/\",\"logo\":{\"@type\":\"ImageObject\",\"inLanguage\":\"de\",\"@id\":\"https:\\\/\\\/www.hotelreservation.de\\\/de\\\/#\\\/schema\\\/logo\\\/image\\\/\",\"url\":\"https:\\\/\\\/www.hotelreservation.de\\\/wp-content\\\/uploads\\\/2019\\\/11\\\/TEST_gr\u00fcn.png\",\"contentUrl\":\"https:\\\/\\\/www.hotelreservation.de\\\/wp-content\\\/uploads\\\/2019\\\/11\\\/TEST_gr\u00fcn.png\",\"width\":1000,\"height\":770,\"caption\":\"TEST GmbH & Co. KG\"},\"image\":{\"@id\":\"https:\\\/\\\/www.hotelreservation.de\\\/de\\\/#\\\/schema\\\/logo\\\/image\\\/\"}}]}<\/script>\n<!-- \/ Yoast SEO plugin. -->","yoast_head_json":{"title":"Tagungs-Kompetenz bis ins Detail: Wir beraten Sie hier! | TEST","description":"Tagungen bringen in kurzer Zeit Inhalte auf den Punkt. Wir organisieren Ihre Tagung kompetent und detailgenau \u2013 wir freuen uns auf Ihre Anfrage!","robots":{"index":"index","follow":"follow","max-snippet":"max-snippet:-1","max-image-preview":"max-image-preview:large","max-video-preview":"max-video-preview:-1"},"canonical":"https:\/\/www.hotelreservation.de\/de\/veranstaltungen\/tagungen\/","og_locale":"de_DE","og_type":"article","og_title":"Tagungs-Kompetenz bis ins Detail: Wir beraten Sie hier! | TEST","og_description":"Tagungen bringen in kurzer Zeit Inhalte auf den Punkt. Wir organisieren Ihre Tagung kompetent und detailgenau \u2013 wir freuen uns auf Ihre Anfrage!","og_url":"https:\/\/www.hotelreservation.de\/de\/veranstaltungen\/tagungen\/","og_site_name":"hotelreservation.de","article_modified_time":"2020-02-19T14:06:39+00:00","og_image":[{"width":1500,"height":1000,"url":"https:\/\/www.hotelreservation.de\/wp-content\/uploads\/2019\/06\/tagungen_impressionen4_5.jpg","type":"image\/jpeg"}],"twitter_card":"summary_large_image","schema":{"@context":"https:\/\/schema.org","@graph":[{"@type":"WebPage","@id":"https:\/\/www.hotelreservation.de\/de\/veranstaltungen\/tagungen\/","url":"https:\/\/www.hotelreservation.de\/de\/veranstaltungen\/tagungen\/","name":"Tagungs-Kompetenz bis ins Detail: Wir beraten Sie hier! | TEST","isPartOf":{"@id":"https:\/\/www.hotelreservation.de\/de\/#website"},"primaryImageOfPage":{"@id":"https:\/\/www.hotelreservation.de\/de\/veranstaltungen\/tagungen\/#primaryimage"},"image":{"@id":"https:\/\/www.hotelreservation.de\/de\/veranstaltungen\/tagungen\/#primaryimage"},"thumbnailUrl":"https:\/\/www.hotelreservation.de\/wp-content\/uploads\/2019\/06\/tagungen_impressionen4_5.jpg","datePublished":"2019-05-23T08:59:04+00:00","dateModified":"2020-02-19T14:06:39+00:00","description":"Tagungen bringen in kurzer Zeit Inhalte auf den Punkt. Wir organisieren Ihre Tagung kompetent und detailgenau \u2013 wir freuen uns auf Ihre Anfrage!","breadcrumb":{"@id":"https:\/\/www.hotelreservation.de\/de\/veranstaltungen\/tagungen\/#breadcrumb"},"inLanguage":"de","potentialAction":[{"@type":"ReadAction","target":["https:\/\/www.hotelreservation.de\/de\/veranstaltungen\/tagungen\/"]}]},{"@type":"ImageObject","inLanguage":"de","@id":"https:\/\/www.hotelreservation.de\/de\/veranstaltungen\/tagungen\/#primaryimage","url":"https:\/\/www.hotelreservation.de\/wp-content\/uploads\/2019\/06\/tagungen_impressionen4_5.jpg","contentUrl":"https:\/\/www.hotelreservation.de\/wp-content\/uploads\/2019\/06\/tagungen_impressionen4_5.jpg","width":1500,"height":1000,"caption":"tagungen impressionen"},{"@type":"BreadcrumbList","@id":"https:\/\/www.hotelreservation.de\/de\/veranstaltungen\/tagungen\/#breadcrumb","itemListElement":[{"@type":"ListItem","position":1,"name":"Startseite","item":"https:\/\/www.hotelreservation.de\/de\/"},{"@type":"ListItem","position":2,"name":"Veranstaltungen","item":"https:\/\/www.hotelreservation.de\/de\/veranstaltungen\/"},{"@type":"ListItem","position":3,"name":"Tagungen"}]},{"@type":"WebSite","@id":"https:\/\/www.hotelreservation.de\/de\/#website","url":"https:\/\/www.hotelreservation.de\/de\/","name":"hotelreservation.de","description":"","publisher":{"@id":"https:\/\/www.hotelreservation.de\/de\/#organization"},"potentialAction":[{"@type":"SearchAction","target":{"@type":"EntryPoint","urlTemplate":"https:\/\/www.hotelreservation.de\/de\/?s={search_term_string}"},"query-input":{"@type":"PropertyValueSpecification","valueRequired":true,"valueName":"search_term_string"}}],"inLanguage":"de"},{"@type":"Organization","@id":"https:\/\/www.hotelreservation.de\/de\/#organization","name":"TEST GmbH & Co. KG","url":"https:\/\/www.hotelreservation.de\/de\/","logo":{"@type":"ImageObject","inLanguage":"de","@id":"https:\/\/www.hotelreservation.de\/de\/#\/schema\/logo\/image\/","url":"https:\/\/www.hotelreservation.de\/wp-content\/uploads\/2019\/11\/TEST_gr\u00fcn.png","contentUrl":"https:\/\/www.hotelreservation.de\/wp-content\/uploads\/2019\/11\/TEST_gr\u00fcn.png","width":1000,"height":770,"caption":"TEST GmbH & Co. KG"},"image":{"@id":"https:\/\/www.hotelreservation.de\/de\/#\/schema\/logo\/image\/"}}]}},"_links":{"self":[{"href":"https:\/\/www.hotelreservation.de\/de\/wp-json\/wp\/v2\/pages\/246","targetHints":{"allow":["GET"]}}],"collection":[{"href":"https:\/\/www.hotelreservation.de\/de\/wp-json\/wp\/v2\/pages"}],"about":[{"href":"https:\/\/www.hotelreservation.de\/de\/wp-json\/wp\/v2\/types\/page"}],"author":[{"embeddable":true,"href":"https:\/\/www.hotelreservation.de\/de\/wp-json\/wp\/v2\/users\/1"}],"replies":[{"embeddable":true,"href":"https:\/\/www.hotelreservation.de\/de\/wp-json\/wp\/v2\/comments?post=246"}],"version-history":[{"count":0,"href":"https:\/\/www.hotelreservation.de\/de\/wp-json\/wp\/v2\/pages\/246\/revisions"}],"up":[{"embeddable":true,"href":"https:\/\/www.hotelreservation.de\/de\/wp-json\/wp\/v2\/pages\/156"}],"wp:featuredmedia":[{"embeddable":true,"href":"https:\/\/www.hotelreservation.de\/de\/wp-json\/wp\/v2\/media\/2417"}],"wp:attachment":[{"href":"https:\/\/www.hotelreservation.de\/de\/wp-json\/wp\/v2\/media?parent=246"}],"curies":[{"name":"wp","href":"https:\/\/api.w.org\/{rel}","templated":true}]}}