{"id":244,"date":"2019-05-23T10:57:52","date_gmt":"2019-05-23T08:57:52","guid":{"rendered":"https:\/\/www.hotelreservation.de\/?page_id=244"},"modified":"2022-07-27T14:27:57","modified_gmt":"2022-07-27T12:27:57","slug":"kongresse","status":"publish","type":"page","link":"https:\/\/www.hotelreservation.de\/de\/veranstaltungen\/kongresse\/","title":{"rendered":"Kongresse"},"content":{"rendered":"<p>Die Luft vibriert. Informationen werden mittels Podiumsdiskussionen, Life-Foren oder virtuellen Social-Media-Panels ausgetauscht. Die Teilnehmer orientieren sich an einem Leitfaden, der sie sicher durch das gesamte Angebot navigieren l\u00e4sst. Die Organisation im Hintergrund l\u00e4uft exakt. Unser Service-Team hat die Einzelheiten im Griff. Und Sie genie\u00dfen das Lob der zufriedenen Menschen, die einfach Freude an ihrer Kongressteilnahme haben.<\/p>\n","protected":false},"excerpt":{"rendered":"<p>Die Luft vibriert. Informationen werden mittels Podiumsdiskussionen, Life-Foren oder virtuellen Social-Media-Panels ausgetauscht. Die Teilnehmer orientieren sich an einem Leitfaden, der sie sicher durch das gesamte Angebot navigieren l\u00e4sst. Die Organisation &hellip; <a href=\"https:\/\/www.hotelreservation.de\/de\/veranstaltungen\/kongresse\/\" class=\"more-link\">weiterlesen<span class=\"screen-reader-text\"> &#8222;Kongresse&#8220;<\/span><\/a><\/p>\n","protected":false},"author":1,"featured_media":1279,"parent":156,"menu_order":0,"comment_status":"closed","ping_status":"closed","template":"page-content-2.php","meta":{"_acf_changed":false,"footnotes":""},"class_list":["post-244","page","type-page","status-publish","has-post-thumbnail","hentry"],"acf":[],"yoast_head":"<!-- This site is optimized with the Yoast SEO plugin v27.2 - https:\/\/yoast.com\/product\/yoast-seo-wordpress\/ -->\n<title>Ihr Kongress individuell geplant \u2013 jetzt Angebot einholen!<\/title>\n<meta name=\"description\" content=\"Wir organisieren Ihren Kongress vom Teilnehmermanagement bis zur Zahlungsabwicklung. Wir freuen uns auf Ihre Anfrage!\" \/>\n<meta name=\"robots\" content=\"index, follow, max-snippet:-1, max-image-preview:large, max-video-preview:-1\" \/>\n<link rel=\"canonical\" href=\"https:\/\/www.hotelreservation.de\/de\/veranstaltungen\/kongresse\/\" \/>\n<meta property=\"og:locale\" content=\"de_DE\" \/>\n<meta property=\"og:type\" content=\"article\" \/>\n<meta property=\"og:title\" content=\"Ihr Kongress individuell geplant \u2013 jetzt Angebot einholen!\" \/>\n<meta property=\"og:description\" content=\"Wir organisieren Ihren Kongress vom Teilnehmermanagement bis zur Zahlungsabwicklung. Wir freuen uns auf Ihre Anfrage!\" \/>\n<meta property=\"og:url\" content=\"https:\/\/www.hotelreservation.de\/de\/veranstaltungen\/kongresse\/\" \/>\n<meta property=\"og:site_name\" content=\"hotelreservation.de\" \/>\n<meta property=\"article:modified_time\" content=\"2022-07-27T12:27:57+00:00\" \/>\n<meta property=\"og:image\" content=\"https:\/\/www.hotelreservation.de\/wp-content\/uploads\/2019\/06\/kongresse_vorschaubild.jpg\" \/>\n\t<meta property=\"og:image:width\" content=\"1500\" \/>\n\t<meta property=\"og:image:height\" content=\"1000\" \/>\n\t<meta property=\"og:image:type\" content=\"image\/jpeg\" \/>\n<meta name=\"twitter:card\" content=\"summary_large_image\" \/>\n<meta name=\"twitter:label1\" content=\"Gesch\u00e4tzte Lesezeit\" \/>\n\t<meta name=\"twitter:data1\" content=\"1\u00a0Minute\" \/>\n<script type=\"application\/ld+json\" class=\"yoast-schema-graph\">{\"@context\":\"https:\/\/schema.org\",\"@graph\":[{\"@type\":\"WebPage\",\"@id\":\"https:\/\/www.hotelreservation.de\/de\/veranstaltungen\/kongresse\/\",\"url\":\"https:\/\/www.hotelreservation.de\/de\/veranstaltungen\/kongresse\/\",\"name\":\"Ihr Kongress individuell geplant \u2013 jetzt Angebot einholen!\",\"isPartOf\":{\"@id\":\"https:\/\/www.hotelreservation.de\/de\/#website\"},\"primaryImageOfPage\":{\"@id\":\"https:\/\/www.hotelreservation.de\/de\/veranstaltungen\/kongresse\/#primaryimage\"},\"image\":{\"@id\":\"https:\/\/www.hotelreservation.de\/de\/veranstaltungen\/kongresse\/#primaryimage\"},\"thumbnailUrl\":\"https:\/\/www.hotelreservation.de\/wp-content\/uploads\/2019\/06\/kongresse_vorschaubild.jpg\",\"datePublished\":\"2019-05-23T08:57:52+00:00\",\"dateModified\":\"2022-07-27T12:27:57+00:00\",\"description\":\"Wir organisieren Ihren Kongress vom Teilnehmermanagement bis zur Zahlungsabwicklung. Wir freuen uns auf Ihre Anfrage!\",\"breadcrumb\":{\"@id\":\"https:\/\/www.hotelreservation.de\/de\/veranstaltungen\/kongresse\/#breadcrumb\"},\"inLanguage\":\"de\",\"potentialAction\":[{\"@type\":\"ReadAction\",\"target\":[\"https:\/\/www.hotelreservation.de\/de\/veranstaltungen\/kongresse\/\"]}]},{\"@type\":\"ImageObject\",\"inLanguage\":\"de\",\"@id\":\"https:\/\/www.hotelreservation.de\/de\/veranstaltungen\/kongresse\/#primaryimage\",\"url\":\"https:\/\/www.hotelreservation.de\/wp-content\/uploads\/2019\/06\/kongresse_vorschaubild.jpg\",\"contentUrl\":\"https:\/\/www.hotelreservation.de\/wp-content\/uploads\/2019\/06\/kongresse_vorschaubild.jpg\",\"width\":1500,\"height\":1000,\"caption\":\"kongresse vorschaubild\"},{\"@type\":\"BreadcrumbList\",\"@id\":\"https:\/\/www.hotelreservation.de\/de\/veranstaltungen\/kongresse\/#breadcrumb\",\"itemListElement\":[{\"@type\":\"ListItem\",\"position\":1,\"name\":\"Startseite\",\"item\":\"https:\/\/www.hotelreservation.de\/de\/\"},{\"@type\":\"ListItem\",\"position\":2,\"name\":\"Veranstaltungen\",\"item\":\"https:\/\/www.hotelreservation.de\/de\/veranstaltungen\/\"},{\"@type\":\"ListItem\",\"position\":3,\"name\":\"Kongresse\"}]},{\"@type\":\"WebSite\",\"@id\":\"https:\/\/www.hotelreservation.de\/de\/#website\",\"url\":\"https:\/\/www.hotelreservation.de\/de\/\",\"name\":\"hotelreservation.de\",\"description\":\"\",\"publisher\":{\"@id\":\"https:\/\/www.hotelreservation.de\/de\/#organization\"},\"potentialAction\":[{\"@type\":\"SearchAction\",\"target\":{\"@type\":\"EntryPoint\",\"urlTemplate\":\"https:\/\/www.hotelreservation.de\/de\/?s={search_term_string}\"},\"query-input\":{\"@type\":\"PropertyValueSpecification\",\"valueRequired\":true,\"valueName\":\"search_term_string\"}}],\"inLanguage\":\"de\"},{\"@type\":\"Organization\",\"@id\":\"https:\/\/www.hotelreservation.de\/de\/#organization\",\"name\":\"TEST GmbH & Co. KG\",\"url\":\"https:\/\/www.hotelreservation.de\/de\/\",\"logo\":{\"@type\":\"ImageObject\",\"inLanguage\":\"de\",\"@id\":\"https:\/\/www.hotelreservation.de\/de\/#\/schema\/logo\/image\/\",\"url\":\"https:\/\/www.hotelreservation.de\/wp-content\/uploads\/2019\/11\/TEST_gr\u00fcn.png\",\"contentUrl\":\"https:\/\/www.hotelreservation.de\/wp-content\/uploads\/2019\/11\/TEST_gr\u00fcn.png\",\"width\":1000,\"height\":770,\"caption\":\"TEST GmbH & Co. KG\"},\"image\":{\"@id\":\"https:\/\/www.hotelreservation.de\/de\/#\/schema\/logo\/image\/\"}}]}<\/script>\n<!-- \/ Yoast SEO plugin. -->","yoast_head_json":{"title":"Ihr Kongress individuell geplant \u2013 jetzt Angebot einholen!","description":"Wir organisieren Ihren Kongress vom Teilnehmermanagement bis zur Zahlungsabwicklung. Wir freuen uns auf Ihre Anfrage!","robots":{"index":"index","follow":"follow","max-snippet":"max-snippet:-1","max-image-preview":"max-image-preview:large","max-video-preview":"max-video-preview:-1"},"canonical":"https:\/\/www.hotelreservation.de\/de\/veranstaltungen\/kongresse\/","og_locale":"de_DE","og_type":"article","og_title":"Ihr Kongress individuell geplant \u2013 jetzt Angebot einholen!","og_description":"Wir organisieren Ihren Kongress vom Teilnehmermanagement bis zur Zahlungsabwicklung. Wir freuen uns auf Ihre Anfrage!","og_url":"https:\/\/www.hotelreservation.de\/de\/veranstaltungen\/kongresse\/","og_site_name":"hotelreservation.de","article_modified_time":"2022-07-27T12:27:57+00:00","og_image":[{"width":1500,"height":1000,"url":"https:\/\/www.hotelreservation.de\/wp-content\/uploads\/2019\/06\/kongresse_vorschaubild.jpg","type":"image\/jpeg"}],"twitter_card":"summary_large_image","twitter_misc":{"Gesch\u00e4tzte Lesezeit":"1\u00a0Minute"},"schema":{"@context":"https:\/\/schema.org","@graph":[{"@type":"WebPage","@id":"https:\/\/www.hotelreservation.de\/de\/veranstaltungen\/kongresse\/","url":"https:\/\/www.hotelreservation.de\/de\/veranstaltungen\/kongresse\/","name":"Ihr Kongress individuell geplant \u2013 jetzt Angebot einholen!","isPartOf":{"@id":"https:\/\/www.hotelreservation.de\/de\/#website"},"primaryImageOfPage":{"@id":"https:\/\/www.hotelreservation.de\/de\/veranstaltungen\/kongresse\/#primaryimage"},"image":{"@id":"https:\/\/www.hotelreservation.de\/de\/veranstaltungen\/kongresse\/#primaryimage"},"thumbnailUrl":"https:\/\/www.hotelreservation.de\/wp-content\/uploads\/2019\/06\/kongresse_vorschaubild.jpg","datePublished":"2019-05-23T08:57:52+00:00","dateModified":"2022-07-27T12:27:57+00:00","description":"Wir organisieren Ihren Kongress vom Teilnehmermanagement bis zur Zahlungsabwicklung. Wir freuen uns auf Ihre Anfrage!","breadcrumb":{"@id":"https:\/\/www.hotelreservation.de\/de\/veranstaltungen\/kongresse\/#breadcrumb"},"inLanguage":"de","potentialAction":[{"@type":"ReadAction","target":["https:\/\/www.hotelreservation.de\/de\/veranstaltungen\/kongresse\/"]}]},{"@type":"ImageObject","inLanguage":"de","@id":"https:\/\/www.hotelreservation.de\/de\/veranstaltungen\/kongresse\/#primaryimage","url":"https:\/\/www.hotelreservation.de\/wp-content\/uploads\/2019\/06\/kongresse_vorschaubild.jpg","contentUrl":"https:\/\/www.hotelreservation.de\/wp-content\/uploads\/2019\/06\/kongresse_vorschaubild.jpg","width":1500,"height":1000,"caption":"kongresse vorschaubild"},{"@type":"BreadcrumbList","@id":"https:\/\/www.hotelreservation.de\/de\/veranstaltungen\/kongresse\/#breadcrumb","itemListElement":[{"@type":"ListItem","position":1,"name":"Startseite","item":"https:\/\/www.hotelreservation.de\/de\/"},{"@type":"ListItem","position":2,"name":"Veranstaltungen","item":"https:\/\/www.hotelreservation.de\/de\/veranstaltungen\/"},{"@type":"ListItem","position":3,"name":"Kongresse"}]},{"@type":"WebSite","@id":"https:\/\/www.hotelreservation.de\/de\/#website","url":"https:\/\/www.hotelreservation.de\/de\/","name":"hotelreservation.de","description":"","publisher":{"@id":"https:\/\/www.hotelreservation.de\/de\/#organization"},"potentialAction":[{"@type":"SearchAction","target":{"@type":"EntryPoint","urlTemplate":"https:\/\/www.hotelreservation.de\/de\/?s={search_term_string}"},"query-input":{"@type":"PropertyValueSpecification","valueRequired":true,"valueName":"search_term_string"}}],"inLanguage":"de"},{"@type":"Organization","@id":"https:\/\/www.hotelreservation.de\/de\/#organization","name":"TEST GmbH & Co. KG","url":"https:\/\/www.hotelreservation.de\/de\/","logo":{"@type":"ImageObject","inLanguage":"de","@id":"https:\/\/www.hotelreservation.de\/de\/#\/schema\/logo\/image\/","url":"https:\/\/www.hotelreservation.de\/wp-content\/uploads\/2019\/11\/TEST_gr\u00fcn.png","contentUrl":"https:\/\/www.hotelreservation.de\/wp-content\/uploads\/2019\/11\/TEST_gr\u00fcn.png","width":1000,"height":770,"caption":"TEST GmbH & Co. KG"},"image":{"@id":"https:\/\/www.hotelreservation.de\/de\/#\/schema\/logo\/image\/"}}]}},"_links":{"self":[{"href":"https:\/\/www.hotelreservation.de\/de\/wp-json\/wp\/v2\/pages\/244","targetHints":{"allow":["GET"]}}],"collection":[{"href":"https:\/\/www.hotelreservation.de\/de\/wp-json\/wp\/v2\/pages"}],"about":[{"href":"https:\/\/www.hotelreservation.de\/de\/wp-json\/wp\/v2\/types\/page"}],"author":[{"embeddable":true,"href":"https:\/\/www.hotelreservation.de\/de\/wp-json\/wp\/v2\/users\/1"}],"replies":[{"embeddable":true,"href":"https:\/\/www.hotelreservation.de\/de\/wp-json\/wp\/v2\/comments?post=244"}],"version-history":[{"count":0,"href":"https:\/\/www.hotelreservation.de\/de\/wp-json\/wp\/v2\/pages\/244\/revisions"}],"up":[{"embeddable":true,"href":"https:\/\/www.hotelreservation.de\/de\/wp-json\/wp\/v2\/pages\/156"}],"wp:featuredmedia":[{"embeddable":true,"href":"https:\/\/www.hotelreservation.de\/de\/wp-json\/wp\/v2\/media\/1279"}],"wp:attachment":[{"href":"https:\/\/www.hotelreservation.de\/de\/wp-json\/wp\/v2\/media?parent=244"}],"curies":[{"name":"wp","href":"https:\/\/api.w.org\/{rel}","templated":true}]}}