{"id":242,"date":"2019-05-23T10:54:30","date_gmt":"2019-05-23T08:54:30","guid":{"rendered":"https:\/\/www.hotelreservation.de\/?page_id=242"},"modified":"2020-02-19T15:08:46","modified_gmt":"2020-02-19T14:08:46","slug":"konferenzen","status":"publish","type":"page","link":"https:\/\/www.hotelreservation.de\/de\/veranstaltungen\/konferenzen\/","title":{"rendered":"Konferenzen"},"content":{"rendered":"<p>Das Thema hat Gewicht. Eine Konferenz wird angesetzt. Jetzt muss es schnell gehen. Entscheidungen m\u00fcssen getroffen werden. Damit der Kopf bei allen Teilnehmern klar bleibt, ist es wichtig, dass der Ablauf reibungslos funktioniert. Vom Einladungshandling \u00fcber die Koordination der R\u00e4umlichkeiten bis zur Best\u00fcckung der Konferenztische. Wir k\u00fcmmern uns l\u00fcckenlos um alle Details. Und Sie bereiten Ihre Rede vor.<\/p>\n","protected":false},"excerpt":{"rendered":"<p>Das Thema hat Gewicht. Eine Konferenz wird angesetzt. Jetzt muss es schnell gehen. Entscheidungen m\u00fcssen getroffen werden. Damit der Kopf bei allen Teilnehmern klar bleibt, ist es wichtig, dass der &hellip; <a href=\"https:\/\/www.hotelreservation.de\/de\/veranstaltungen\/konferenzen\/\" class=\"more-link\">weiterlesen<span class=\"screen-reader-text\"> &#8222;Konferenzen&#8220;<\/span><\/a><\/p>\n","protected":false},"author":1,"featured_media":3195,"parent":156,"menu_order":0,"comment_status":"closed","ping_status":"closed","template":"page-content-2.php","meta":{"_acf_changed":false,"footnotes":""},"class_list":["post-242","page","type-page","status-publish","has-post-thumbnail","hentry"],"acf":[],"yoast_head":"<!-- This site is optimized with the Yoast SEO plugin v27.5 - https:\/\/yoast.com\/product\/yoast-seo-wordpress\/ -->\n<title>Konferenzen perfekt organisiert \u2013 jetzt Angebot einholen! | TEST<\/title>\n<meta name=\"description\" content=\"Konferenzen sind wichtige Veranstaltungen bei denen der Ablauf passen muss. Wir organisieren Ihre Konferenz professionell und zuverl\u00e4ssig.\" \/>\n<meta name=\"robots\" content=\"index, follow, max-snippet:-1, max-image-preview:large, max-video-preview:-1\" \/>\n<link rel=\"canonical\" href=\"https:\/\/www.hotelreservation.de\/de\/veranstaltungen\/konferenzen\/\" \/>\n<meta property=\"og:locale\" content=\"de_DE\" \/>\n<meta property=\"og:type\" content=\"article\" \/>\n<meta property=\"og:title\" content=\"Konferenzen perfekt organisiert \u2013 jetzt Angebot einholen! | TEST\" \/>\n<meta property=\"og:description\" content=\"Konferenzen sind wichtige Veranstaltungen bei denen der Ablauf passen muss. Wir organisieren Ihre Konferenz professionell und zuverl\u00e4ssig.\" \/>\n<meta property=\"og:url\" content=\"https:\/\/www.hotelreservation.de\/de\/veranstaltungen\/konferenzen\/\" \/>\n<meta property=\"og:site_name\" content=\"hotelreservation.de\" \/>\n<meta property=\"article:modified_time\" content=\"2020-02-19T14:08:46+00:00\" \/>\n<meta property=\"og:image\" content=\"https:\/\/www.hotelreservation.de\/wp-content\/uploads\/2019\/08\/konfernezen_vorschaubild.jpg\" \/>\n\t<meta property=\"og:image:width\" content=\"1989\" \/>\n\t<meta property=\"og:image:height\" content=\"1326\" \/>\n\t<meta property=\"og:image:type\" content=\"image\/jpeg\" \/>\n<meta name=\"twitter:card\" content=\"summary_large_image\" \/>\n<script type=\"application\/ld+json\" class=\"yoast-schema-graph\">{\"@context\":\"https:\\\/\\\/schema.org\",\"@graph\":[{\"@type\":\"WebPage\",\"@id\":\"https:\\\/\\\/www.hotelreservation.de\\\/de\\\/veranstaltungen\\\/konferenzen\\\/\",\"url\":\"https:\\\/\\\/www.hotelreservation.de\\\/de\\\/veranstaltungen\\\/konferenzen\\\/\",\"name\":\"Konferenzen perfekt organisiert \u2013 jetzt Angebot einholen! | TEST\",\"isPartOf\":{\"@id\":\"https:\\\/\\\/www.hotelreservation.de\\\/de\\\/#website\"},\"primaryImageOfPage\":{\"@id\":\"https:\\\/\\\/www.hotelreservation.de\\\/de\\\/veranstaltungen\\\/konferenzen\\\/#primaryimage\"},\"image\":{\"@id\":\"https:\\\/\\\/www.hotelreservation.de\\\/de\\\/veranstaltungen\\\/konferenzen\\\/#primaryimage\"},\"thumbnailUrl\":\"https:\\\/\\\/www.hotelreservation.de\\\/wp-content\\\/uploads\\\/2019\\\/08\\\/konfernezen_vorschaubild.jpg\",\"datePublished\":\"2019-05-23T08:54:30+00:00\",\"dateModified\":\"2020-02-19T14:08:46+00:00\",\"description\":\"Konferenzen sind wichtige Veranstaltungen bei denen der Ablauf passen muss. Wir organisieren Ihre Konferenz professionell und zuverl\u00e4ssig.\",\"breadcrumb\":{\"@id\":\"https:\\\/\\\/www.hotelreservation.de\\\/de\\\/veranstaltungen\\\/konferenzen\\\/#breadcrumb\"},\"inLanguage\":\"de\",\"potentialAction\":[{\"@type\":\"ReadAction\",\"target\":[\"https:\\\/\\\/www.hotelreservation.de\\\/de\\\/veranstaltungen\\\/konferenzen\\\/\"]}]},{\"@type\":\"ImageObject\",\"inLanguage\":\"de\",\"@id\":\"https:\\\/\\\/www.hotelreservation.de\\\/de\\\/veranstaltungen\\\/konferenzen\\\/#primaryimage\",\"url\":\"https:\\\/\\\/www.hotelreservation.de\\\/wp-content\\\/uploads\\\/2019\\\/08\\\/konfernezen_vorschaubild.jpg\",\"contentUrl\":\"https:\\\/\\\/www.hotelreservation.de\\\/wp-content\\\/uploads\\\/2019\\\/08\\\/konfernezen_vorschaubild.jpg\",\"width\":1989,\"height\":1326,\"caption\":\"Konferenzen Vorschaubild\"},{\"@type\":\"BreadcrumbList\",\"@id\":\"https:\\\/\\\/www.hotelreservation.de\\\/de\\\/veranstaltungen\\\/konferenzen\\\/#breadcrumb\",\"itemListElement\":[{\"@type\":\"ListItem\",\"position\":1,\"name\":\"Startseite\",\"item\":\"https:\\\/\\\/www.hotelreservation.de\\\/de\\\/\"},{\"@type\":\"ListItem\",\"position\":2,\"name\":\"Veranstaltungen\",\"item\":\"https:\\\/\\\/www.hotelreservation.de\\\/de\\\/veranstaltungen\\\/\"},{\"@type\":\"ListItem\",\"position\":3,\"name\":\"Konferenzen\"}]},{\"@type\":\"WebSite\",\"@id\":\"https:\\\/\\\/www.hotelreservation.de\\\/de\\\/#website\",\"url\":\"https:\\\/\\\/www.hotelreservation.de\\\/de\\\/\",\"name\":\"hotelreservation.de\",\"description\":\"\",\"publisher\":{\"@id\":\"https:\\\/\\\/www.hotelreservation.de\\\/de\\\/#organization\"},\"potentialAction\":[{\"@type\":\"SearchAction\",\"target\":{\"@type\":\"EntryPoint\",\"urlTemplate\":\"https:\\\/\\\/www.hotelreservation.de\\\/de\\\/?s={search_term_string}\"},\"query-input\":{\"@type\":\"PropertyValueSpecification\",\"valueRequired\":true,\"valueName\":\"search_term_string\"}}],\"inLanguage\":\"de\"},{\"@type\":\"Organization\",\"@id\":\"https:\\\/\\\/www.hotelreservation.de\\\/de\\\/#organization\",\"name\":\"TEST GmbH & Co. KG\",\"url\":\"https:\\\/\\\/www.hotelreservation.de\\\/de\\\/\",\"logo\":{\"@type\":\"ImageObject\",\"inLanguage\":\"de\",\"@id\":\"https:\\\/\\\/www.hotelreservation.de\\\/de\\\/#\\\/schema\\\/logo\\\/image\\\/\",\"url\":\"https:\\\/\\\/www.hotelreservation.de\\\/wp-content\\\/uploads\\\/2019\\\/11\\\/TEST_gr\u00fcn.png\",\"contentUrl\":\"https:\\\/\\\/www.hotelreservation.de\\\/wp-content\\\/uploads\\\/2019\\\/11\\\/TEST_gr\u00fcn.png\",\"width\":1000,\"height\":770,\"caption\":\"TEST GmbH & Co. KG\"},\"image\":{\"@id\":\"https:\\\/\\\/www.hotelreservation.de\\\/de\\\/#\\\/schema\\\/logo\\\/image\\\/\"}}]}<\/script>\n<!-- \/ Yoast SEO plugin. -->","yoast_head_json":{"title":"Konferenzen perfekt organisiert \u2013 jetzt Angebot einholen! | TEST","description":"Konferenzen sind wichtige Veranstaltungen bei denen der Ablauf passen muss. Wir organisieren Ihre Konferenz professionell und zuverl\u00e4ssig.","robots":{"index":"index","follow":"follow","max-snippet":"max-snippet:-1","max-image-preview":"max-image-preview:large","max-video-preview":"max-video-preview:-1"},"canonical":"https:\/\/www.hotelreservation.de\/de\/veranstaltungen\/konferenzen\/","og_locale":"de_DE","og_type":"article","og_title":"Konferenzen perfekt organisiert \u2013 jetzt Angebot einholen! | TEST","og_description":"Konferenzen sind wichtige Veranstaltungen bei denen der Ablauf passen muss. Wir organisieren Ihre Konferenz professionell und zuverl\u00e4ssig.","og_url":"https:\/\/www.hotelreservation.de\/de\/veranstaltungen\/konferenzen\/","og_site_name":"hotelreservation.de","article_modified_time":"2020-02-19T14:08:46+00:00","og_image":[{"width":1989,"height":1326,"url":"https:\/\/www.hotelreservation.de\/wp-content\/uploads\/2019\/08\/konfernezen_vorschaubild.jpg","type":"image\/jpeg"}],"twitter_card":"summary_large_image","schema":{"@context":"https:\/\/schema.org","@graph":[{"@type":"WebPage","@id":"https:\/\/www.hotelreservation.de\/de\/veranstaltungen\/konferenzen\/","url":"https:\/\/www.hotelreservation.de\/de\/veranstaltungen\/konferenzen\/","name":"Konferenzen perfekt organisiert \u2013 jetzt Angebot einholen! | TEST","isPartOf":{"@id":"https:\/\/www.hotelreservation.de\/de\/#website"},"primaryImageOfPage":{"@id":"https:\/\/www.hotelreservation.de\/de\/veranstaltungen\/konferenzen\/#primaryimage"},"image":{"@id":"https:\/\/www.hotelreservation.de\/de\/veranstaltungen\/konferenzen\/#primaryimage"},"thumbnailUrl":"https:\/\/www.hotelreservation.de\/wp-content\/uploads\/2019\/08\/konfernezen_vorschaubild.jpg","datePublished":"2019-05-23T08:54:30+00:00","dateModified":"2020-02-19T14:08:46+00:00","description":"Konferenzen sind wichtige Veranstaltungen bei denen der Ablauf passen muss. Wir organisieren Ihre Konferenz professionell und zuverl\u00e4ssig.","breadcrumb":{"@id":"https:\/\/www.hotelreservation.de\/de\/veranstaltungen\/konferenzen\/#breadcrumb"},"inLanguage":"de","potentialAction":[{"@type":"ReadAction","target":["https:\/\/www.hotelreservation.de\/de\/veranstaltungen\/konferenzen\/"]}]},{"@type":"ImageObject","inLanguage":"de","@id":"https:\/\/www.hotelreservation.de\/de\/veranstaltungen\/konferenzen\/#primaryimage","url":"https:\/\/www.hotelreservation.de\/wp-content\/uploads\/2019\/08\/konfernezen_vorschaubild.jpg","contentUrl":"https:\/\/www.hotelreservation.de\/wp-content\/uploads\/2019\/08\/konfernezen_vorschaubild.jpg","width":1989,"height":1326,"caption":"Konferenzen Vorschaubild"},{"@type":"BreadcrumbList","@id":"https:\/\/www.hotelreservation.de\/de\/veranstaltungen\/konferenzen\/#breadcrumb","itemListElement":[{"@type":"ListItem","position":1,"name":"Startseite","item":"https:\/\/www.hotelreservation.de\/de\/"},{"@type":"ListItem","position":2,"name":"Veranstaltungen","item":"https:\/\/www.hotelreservation.de\/de\/veranstaltungen\/"},{"@type":"ListItem","position":3,"name":"Konferenzen"}]},{"@type":"WebSite","@id":"https:\/\/www.hotelreservation.de\/de\/#website","url":"https:\/\/www.hotelreservation.de\/de\/","name":"hotelreservation.de","description":"","publisher":{"@id":"https:\/\/www.hotelreservation.de\/de\/#organization"},"potentialAction":[{"@type":"SearchAction","target":{"@type":"EntryPoint","urlTemplate":"https:\/\/www.hotelreservation.de\/de\/?s={search_term_string}"},"query-input":{"@type":"PropertyValueSpecification","valueRequired":true,"valueName":"search_term_string"}}],"inLanguage":"de"},{"@type":"Organization","@id":"https:\/\/www.hotelreservation.de\/de\/#organization","name":"TEST GmbH & Co. KG","url":"https:\/\/www.hotelreservation.de\/de\/","logo":{"@type":"ImageObject","inLanguage":"de","@id":"https:\/\/www.hotelreservation.de\/de\/#\/schema\/logo\/image\/","url":"https:\/\/www.hotelreservation.de\/wp-content\/uploads\/2019\/11\/TEST_gr\u00fcn.png","contentUrl":"https:\/\/www.hotelreservation.de\/wp-content\/uploads\/2019\/11\/TEST_gr\u00fcn.png","width":1000,"height":770,"caption":"TEST GmbH & Co. KG"},"image":{"@id":"https:\/\/www.hotelreservation.de\/de\/#\/schema\/logo\/image\/"}}]}},"_links":{"self":[{"href":"https:\/\/www.hotelreservation.de\/de\/wp-json\/wp\/v2\/pages\/242","targetHints":{"allow":["GET"]}}],"collection":[{"href":"https:\/\/www.hotelreservation.de\/de\/wp-json\/wp\/v2\/pages"}],"about":[{"href":"https:\/\/www.hotelreservation.de\/de\/wp-json\/wp\/v2\/types\/page"}],"author":[{"embeddable":true,"href":"https:\/\/www.hotelreservation.de\/de\/wp-json\/wp\/v2\/users\/1"}],"replies":[{"embeddable":true,"href":"https:\/\/www.hotelreservation.de\/de\/wp-json\/wp\/v2\/comments?post=242"}],"version-history":[{"count":0,"href":"https:\/\/www.hotelreservation.de\/de\/wp-json\/wp\/v2\/pages\/242\/revisions"}],"up":[{"embeddable":true,"href":"https:\/\/www.hotelreservation.de\/de\/wp-json\/wp\/v2\/pages\/156"}],"wp:featuredmedia":[{"embeddable":true,"href":"https:\/\/www.hotelreservation.de\/de\/wp-json\/wp\/v2\/media\/3195"}],"wp:attachment":[{"href":"https:\/\/www.hotelreservation.de\/de\/wp-json\/wp\/v2\/media?parent=242"}],"curies":[{"name":"wp","href":"https:\/\/api.w.org\/{rel}","templated":true}]}}